{"id":17986,"date":"2024-04-22T17:25:44","date_gmt":"2024-04-22T15:25:44","guid":{"rendered":"https:\/\/www.joanneum.at\/digital\/?page_id=17986"},"modified":"2024-04-29T14:17:55","modified_gmt":"2024-04-29T12:17:55","slug":"3d-vision-und-visualisierung-in-der-mars-exploration","status":"publish","type":"page","link":"https:\/\/www.joanneum.at\/digital\/en\/3d-vision-und-visualisierung-in-der-mars-exploration\/","title":{"rendered":"3D VISION AND VISUALISATION IN MARS EXPLORATION"},"content":{"rendered":"<div data-elementor-type=\"wp-page\" data-elementor-id=\"17986\" class=\"elementor elementor-17986\" data-elementor-post-type=\"page\">\n\t\t\t\t<div class=\"elementor-element elementor-element-33adcf13 li-no-print  e-flex e-con-boxed e-con e-parent\" data-id=\"33adcf13\" data-element_type=\"container\" data-e-type=\"container\">\n\t\t\t\t\t<div class=\"e-con-inner\">\n\t\t\t\t<div class=\"elementor-element elementor-element-1cebe019 idl-flag  elementor-widget elementor-widget-heading\" data-id=\"1cebe019\" data-element_type=\"widget\" data-e-type=\"widget\" data-widget_type=\"heading.default\">\n\t\t\t\t<div class=\"elementor-widget-container\">\n\t\t\t\t\t<div class=\"elementor-heading-title elementor-size-default\"><a href=\"https:\/\/www.joanneum.at\/digital\/en\">DIGITAL<\/a><\/div>\t\t\t\t<\/div>\n\t\t\t\t<\/div>\n\t\t\t\t\t<\/div>\n\t\t\t\t<\/div>\n\t\t<div class=\"elementor-element elementor-element-48fff07c idl-ec-wr project-header--print e-flex e-con-boxed e-con e-parent\" data-id=\"48fff07c\" data-element_type=\"container\" data-e-type=\"container\">\n\t\t\t\t\t<div class=\"e-con-inner\">\n\t\t<div class=\"elementor-element elementor-element-40e08451 e-con-full e-flex e-con e-child\" data-id=\"40e08451\" data-element_type=\"container\" data-e-type=\"container\">\n\t\t<div class=\"elementor-element elementor-element-60ad165 e-con-full e-flex e-con e-child\" data-id=\"60ad165\" data-element_type=\"container\" data-e-type=\"container\">\n\t\t<div class=\"elementor-element elementor-element-5728ffac e-con-full e-flex e-con e-child\" data-id=\"5728ffac\" data-element_type=\"container\" data-e-type=\"container\">\n\t\t<div class=\"elementor-element elementor-element-73532cd e-con-full e-flex e-con e-child\" data-id=\"73532cd\" data-element_type=\"container\" data-e-type=\"container\">\n\t\t\t\t<div class=\"elementor-element elementor-element-76fc6403 idl-mobil-titel li-project-introduction-title elementor-widget elementor-widget-heading\" data-id=\"76fc6403\" data-element_type=\"widget\" data-e-type=\"widget\" data-widget_type=\"heading.default\">\n\t\t\t\t<div class=\"elementor-widget-container\">\n\t\t\t\t\t<h1 class=\"elementor-heading-title elementor-size-default\">3D vision and 3D visualisation in Mars exploration<\/h1>\t\t\t\t<\/div>\n\t\t\t\t<\/div>\n\t\t\t\t<\/div>\n\t\t\t\t<\/div>\n\t\t\t\t<div class=\"elementor-element elementor-element-4b203ad1 elementor-widget elementor-widget-heading\" data-id=\"4b203ad1\" data-element_type=\"widget\" data-e-type=\"widget\" data-widget_type=\"heading.default\">\n\t\t\t\t<div class=\"elementor-widget-container\">\n\t\t\t\t\t<div class=\"elementor-heading-title elementor-size-default\">3D as the key to quantitative geological evaluation of planetary surfaces<\/div>\t\t\t\t<\/div>\n\t\t\t\t<\/div>\n\t\t\t\t<\/div>\n\t\t\t\t<\/div>\n\t\t\t\t\t<\/div>\n\t\t\t\t<\/div>\n\t\t<div class=\"elementor-element elementor-element-5c7247dc idl-no-padd project-image--print e-flex e-con-boxed e-con e-parent\" data-id=\"5c7247dc\" data-element_type=\"container\" data-e-type=\"container\">\n\t\t\t\t\t<div class=\"e-con-inner\">\n\t\t<div class=\"elementor-element elementor-element-4fc4e409 e-con-full e-flex e-con e-child\" data-id=\"4fc4e409\" data-element_type=\"container\" data-e-type=\"container\">\n\t\t\t\t<div class=\"elementor-element elementor-element-511521a9 elementor-widget elementor-widget-image\" data-id=\"511521a9\" data-element_type=\"widget\" data-e-type=\"widget\" data-widget_type=\"image.default\">\n\t\t\t\t<div class=\"elementor-widget-container\">\n\t\t\t\t\t\t\t\t\t\t\t\t\t\t\t<img fetchpriority=\"high\" decoding=\"async\" width=\"800\" height=\"414\" src=\"https:\/\/www.joanneum.at\/digital\/wp-content\/uploads\/sites\/3\/2024\/04\/QZCAM-Pro3D-Ausschnitt-1024x530.jpg\" class=\"attachment-large size-large wp-image-17987\" alt=\"3D Rekonstruktion von der Bosten Knob Formation\" srcset=\"https:\/\/www.joanneum.at\/digital\/wp-content\/uploads\/sites\/3\/2024\/04\/QZCAM-Pro3D-Ausschnitt-1024x530.jpg 1024w, https:\/\/www.joanneum.at\/digital\/wp-content\/uploads\/sites\/3\/2024\/04\/QZCAM-Pro3D-Ausschnitt-380x197.jpg 380w, https:\/\/www.joanneum.at\/digital\/wp-content\/uploads\/sites\/3\/2024\/04\/QZCAM-Pro3D-Ausschnitt-768x397.jpg 768w, https:\/\/www.joanneum.at\/digital\/wp-content\/uploads\/sites\/3\/2024\/04\/QZCAM-Pro3D-Ausschnitt-18x9.jpg 18w, https:\/\/www.joanneum.at\/digital\/wp-content\/uploads\/sites\/3\/2024\/04\/QZCAM-Pro3D-Ausschnitt.jpg 1160w\" sizes=\"(max-width: 800px) 100vw, 800px\" \/>\t\t\t\t\t\t\t\t\t\t\t\t\t\t\t<\/div>\n\t\t\t\t<\/div>\n\t\t<!-- hidden container 17986-6d407d -->\t\t<\/div>\n\t\t\t\t\t<\/div>\n\t\t\t\t<\/div>\n\t\t<div class=\"elementor-element elementor-element-38cefa80 e-flex e-con-boxed e-con e-parent\" data-id=\"38cefa80\" data-element_type=\"container\" data-e-type=\"container\">\n\t\t\t\t\t<div class=\"e-con-inner\">\n\t\t<div class=\"elementor-element elementor-element-62b8d767 e-con-full e-flex e-con e-child\" data-id=\"62b8d767\" data-element_type=\"container\" data-e-type=\"container\">\n\t\t<div class=\"elementor-element elementor-element-74549127 e-con-full e-flex e-con e-child\" data-id=\"74549127\" data-element_type=\"container\" data-e-type=\"container\">\n\t\t\t\t<div class=\"elementor-element elementor-element-371babce elementor-widget elementor-widget-heading\" data-id=\"371babce\" data-element_type=\"widget\" data-e-type=\"widget\" data-widget_type=\"heading.default\">\n\t\t\t\t<div class=\"elementor-widget-container\">\n\t\t\t\t\t<h2 class=\"elementor-heading-title elementor-size-default\">3D processing for Mars missions<\/h2>\t\t\t\t<\/div>\n\t\t\t\t<\/div>\n\t\t\t\t<div class=\"elementor-element elementor-element-4e494fe3 idl-unterseite-text elementor-widget elementor-widget-text-editor\" data-id=\"4e494fe3\" data-element_type=\"widget\" data-e-type=\"widget\" data-widget_type=\"text-editor.default\">\n\t\t\t\t<div class=\"elementor-widget-container\">\n\t\t\t\t\t\t\t\t\t<p class=\"translation-block\">Together with our partner VRVis - Centre for Virtual Reality and Visualisation - we have created a unique framework for <strong>processing and visualising planetary surface data<\/strong> (Mars, Moon, Asteroids).  (Mars, Moon, Asteroids). The PRoViP\" and PRo3D\" elements interlock seamlessly for real-time fusion and visualisation of 3D data at all scales from millimetres to thousands of kilometres.<\/p>\n<p>Together with our partner VRVis and the scientific interpretation by the Austrian Academy of Sciences, we are producing 3D analyses of camera images from the Mars 2020 Perseverance mission for the NASA Mars 2020 mission.<\/p>\n<p>For the ExoMars 2030 mission, we are providing 3D processing for the three stereo camera systems PanCam, NavCam and LocCam.<\/p>\n<p class=\"translation-block\">Integrated into the scientific teams of the three rover missions Mars 2020 (Perseverance), MSL (Curiosity) and ExoMars (Rosalind Franklin), we contribute to top-class publications in geology, climatology, hydrology and soil physics of our outer neighbour planet with three-dimensional evaluations and visualisations. Our solutions include in particular <strong>mechanisms of stereo reconstruction, 3D data fusion, camera calibration, and data processing for real-time visualisation and analysis<\/strong>. In particular, our solutions include mechanisms for stereo reconstruction, 3D data fusion, camera calibration and data preparation for real-time visualisation and analysis.<\/p>\n<p class=\"translation-block\">Our expert <a style=\"font-family: var( --e-global-typography-text-font-family ), Sans-serif;font-size: var( --e-global-typography-text-font-size );text-align: var(--text-align)\" href=\"https:\/\/www.joanneum.at\/en\/personen\/di-gerhard-paar\/\" target=\"_self\" role=\"link\">Gerhard Paar<\/a> <span style=\"font-family: var( --e-global-typography-text-font-family ), Sans-serif;font-size: var( --e-global-typography-text-font-size );font-weight: var( --e-global-typography-text-font-weight );text-align: var(--text-align);background-color: inherit;color: var( --e-global-color-text )\"> is Mastcam-Z Co-Investigator (Co-I), PanCam Lead Co-I for 3D, ExoMars CLUPI (Close-Up Imager) Co-I and MSL Collaborator and DIGITAL scientist <\/span><a style=\"font-family: var( --e-global-typography-text-font-family ), Sans-serif;font-size: var( --e-global-typography-text-font-size );text-align: var(--text-align)\" href=\"https:\/\/www.joanneum.at\/en\/personen\/di-maria-del-pilar-caballo-perucha-msc\/\" target=\"_self\" role=\"link\">Piluca Caballo<\/a><span style=\"font-family: var( --e-global-typography-text-font-family ), Sans-serif;font-size: var( --e-global-typography-text-font-size );font-weight: var( --e-global-typography-text-font-weight );text-align: var(--text-align);background-color: inherit;color: var( --e-global-color-text )\">is a member of the Mars 2020 science team.<\/p>\n<p><span style=\"color: var( --e-global-color-text );font-family: var( --e-global-typography-secondary-font-family ), Sans-serif;font-size: var( --e-global-typography-secondary-font-size );font-weight: var( --e-global-typography-secondary-font-weight );text-align: var(--text-align);background-color: inherit\">&nbsp;<\/span><\/p>\n<p><span style=\"color: var( --e-global-color-text );font-family: var( --e-global-typography-secondary-font-family ), Sans-serif;font-size: var( --e-global-typography-secondary-font-size );font-weight: var( --e-global-typography-secondary-font-weight );text-align: var(--text-align);background-color: inherit\">Reference projects<\/span><\/p>\n<ul>\n<li><a href=\"https:\/\/projekte.ffg.at\/projekt\/4373922\" target=\"_blank\" rel=\"noopener\">Mars-3D<\/a> (FFG\/ASAP 892662) \u00fcberbr\u00fcckt in Zusammenarbeit mit VRVis und \u00d6AW die Vorbereitungen f\u00fcr den 3D-Vision-Beitrag zur derzeit eingestellten ExoMars-Mission mit 3D-Vision-Betrieb von PanCam-Simulationen. Der Mastcam-Z 3D-Vision- und Impaktforschungs-Beitrag erfolgt im selben Zeitraum mit maximaler Synergie. Hauptziel ist die Publikation wissenschaftlicher Ergebnisse aus Geologie, Morphologie, Aeologie und Impaktforschung, die sich speziell aus den M\u00f6glichkeiten der 3D Vision und Visualisierung er\u00f6ffnen, gemeinsam mit den jeweiligen Instrumententeams.<\/li>\n<li><a href=\"https:\/\/projekte.ffg.at\/projekt\/5123097\" target=\"_blank\" rel=\"noopener\">Mars-4D<\/a> (FFG\/ASAP 911911) wird sich mit der Operations-Unterst\u00fctzung und Publikationsaktivit\u00e4ten basierend auf 3D-Vision in der Mars 2020 Mission im Zeitraum Oktober 2024 bis Juni 2026 befassen, haupts\u00e4chlich gekoppelt an Produkte des Mastcam-Z Stereokamera-Instruments. Mars-4D wird Mastcam-Z 3D-Vision-basierte wissenschaftliche Mars-Publikationsaktivit\u00e4ten auf hohem Niveau in den Bereichen Geologie, Morphologie, Hydrologie und \u00c4ologie manifestieren, die vor allem von den einzigartigen M\u00f6glichkeiten profitieren, die die \u00f6sterreichischen 3D-Vision- und Visualisierungsl\u00f6sungen und -dienste bieten k\u00f6nnen.<\/li>\n<li><a href=\"https:\/\/projekte.ffg.at\/projekt\/5123048\" target=\"_blank\" rel=\"noopener\">MSL-3D<\/a> <a href=\"https:\/\/projekte.ffg.at\/projekt\/5123048\" target=\"_blank\" rel=\"noopener\" role=\"link\">MSL-3D<\/a> will enable researchers on the MSL (Curiosity) rover mission to accurately reconstruct and analyse rock outcrops that are important for understanding the geology of Gale Crater and for understanding Mars' climate history and potential habitability. Over the coming months, researchers will use MSL-3D to reconstruct the surface conditions and processes that led to the deposition of the Gediz-Vallis ridge and sulphate inclusions, and to measure outcrops to assess the rockfall risk associated with the traverses and rover mobility in near-real time. It will also explore several other regions of Gale Crater that have not been studied in detail, particularly in 3D. This will support the scientific agenda of two British scientists (Dr Davis and Dr Banham from Imperial College London). Mastcam stereo images from Mars Rover Curiosity will be processed to study surface flow events and palaeoenvironmental reconstruction along the Curiosity traverse, with occasional presentations and recording requests for the Mastcam instrument dedicated to the research of Dr Davis and Dr Banham, in conjunction with Gerhard Paar of DIGITAL as part of the MSL science team. 3D data fusion with the terrain models from HiRISE and CTX satellite imagery will allow characterisation of features from the close-up (boulder size, grain size) to the kilometre scale (slope, also as m-scale statistics) from both these satellite and Mastcam 3D data products. Further unique strengths of the Austrian JR\/VRVis processing and visualisation expertise will improve the geometric calibration of the Mastcam and compile the mission history in a geological and public relations sense through annotated video documentation with unprecedented accuracy, using multi-scale 3D models from the MSL data products published via PDS (Planetary Data System) and \"long-baseline\" stereo configurations.<\/li>\n<li class=\"translation-block\"><a href=\"https:\/\/projekte.ffg.at\/projekt\/5123087\" target=\"_blank\" rel=\"noopener\" role=\"link\">Rosalind-3D<\/a> (FFG\/ASAP 911919) deals with the preparation of scientific operations for the ExoMars Rover (Rosalind Franklin) mission (landing on Mars in 2030) in the period May 2024 to December 2026, based on 3D vision and visualisation for the PanCam scientific stereo camera system. It will include adaptation of data interfaces, processing and visualisation to the latest scientific requirements, training activities and, in particular, participation in biannual tests in the environment of the Rover Operations Control Centre at ALTEC in Turin. This will be supported by updates to the calibration of the camera system, participation in preparatory publications documenting the tests, and public information activities. The Rosalind 3D activity proposed here will lay the foundations for high-level scientific Mars research publication activities based on Rosalind Franklin 3D vision in the fields of geology, morphology, hydrology and etiology, which will particularly benefit from the unique opportunities that Austrian 3D vision and visualisation solutions and services can offer after the rover lands in 2030.<\/li>\n<\/ul>\t\t\t\t\t\t\t\t<\/div>\n\t\t\t\t<\/div>\n\t\t\t\t<\/div>\n\t\t\t\t<\/div>\n\t\t\t\t\t<\/div>\n\t\t\t\t<\/div>\n\t\t<div class=\"elementor-element elementor-element-553abc48 idl-ap-wr e-flex e-con-boxed e-con e-parent\" data-id=\"553abc48\" data-element_type=\"container\" data-e-type=\"container\" data-settings=\"{&quot;background_background&quot;:&quot;classic&quot;}\">\n\t\t\t\t\t<div class=\"e-con-inner\">\n\t\t<div class=\"elementor-element elementor-element-72bf85e e-con-full e-flex e-con e-child\" data-id=\"72bf85e\" data-element_type=\"container\" data-e-type=\"container\" data-settings=\"{&quot;background_background&quot;:&quot;classic&quot;}\">\n\t\t\t\t<div class=\"elementor-element elementor-element-4bd075be elementor-widget elementor-widget-image\" data-id=\"4bd075be\" data-element_type=\"widget\" data-e-type=\"widget\" data-widget_type=\"image.default\">\n\t\t\t\t<div class=\"elementor-widget-container\">\n\t\t\t\t\t\t\t\t\t\t\t\t\t\t\t<img decoding=\"async\" width=\"706\" height=\"706\" src=\"https:\/\/www.joanneum.at\/digital\/wp-content\/uploads\/sites\/3\/2024\/04\/Gerhard_Paar_6Cut.jpg\" class=\"attachment-large size-large wp-image-17997\" alt=\"\" srcset=\"https:\/\/www.joanneum.at\/digital\/wp-content\/uploads\/sites\/3\/2024\/04\/Gerhard_Paar_6Cut.jpg 706w, https:\/\/www.joanneum.at\/digital\/wp-content\/uploads\/sites\/3\/2024\/04\/Gerhard_Paar_6Cut-380x380.jpg 380w, https:\/\/www.joanneum.at\/digital\/wp-content\/uploads\/sites\/3\/2024\/04\/Gerhard_Paar_6Cut-150x150.jpg 150w, https:\/\/www.joanneum.at\/digital\/wp-content\/uploads\/sites\/3\/2024\/04\/Gerhard_Paar_6Cut-12x12.jpg 12w\" sizes=\"(max-width: 706px) 100vw, 706px\" \/>\t\t\t\t\t\t\t\t\t\t\t\t\t\t\t<\/div>\n\t\t\t\t<\/div>\n\t\t\t\t<div class=\"elementor-element elementor-element-76cf77bf elementor-widget elementor-widget-heading\" data-id=\"76cf77bf\" data-element_type=\"widget\" data-e-type=\"widget\" data-widget_type=\"heading.default\">\n\t\t\t\t<div class=\"elementor-widget-container\">\n\t\t\t\t\t<div class=\"elementor-heading-title elementor-size-default\">3D VISION AND VISUALISATION IN MARS EXPLORATION<\/div>\t\t\t\t<\/div>\n\t\t\t\t<\/div>\n\t\t\t\t<div class=\"elementor-element elementor-element-6dee66d5 elementor-widget elementor-widget-heading\" data-id=\"6dee66d5\" data-element_type=\"widget\" data-e-type=\"widget\" data-widget_type=\"heading.default\">\n\t\t\t\t<div class=\"elementor-widget-container\">\n\t\t\t\t\t<h2 class=\"elementor-heading-title elementor-size-default\">Your contact<\/h2>\t\t\t\t<\/div>\n\t\t\t\t<\/div>\n\t\t<div class=\"elementor-element elementor-element-69056386 e-con-full e-flex e-con e-child\" data-id=\"69056386\" data-element_type=\"container\" data-e-type=\"container\">\n\t\t\t\t<div class=\"elementor-element elementor-element-13781df6 elementor-widget elementor-widget-heading\" data-id=\"13781df6\" data-element_type=\"widget\" data-e-type=\"widget\" data-widget_type=\"heading.default\">\n\t\t\t\t<div class=\"elementor-widget-container\">\n\t\t\t\t\t<div class=\"elementor-heading-title elementor-size-default\">DI Gerhard Paar<\/div>\t\t\t\t<\/div>\n\t\t\t\t<\/div>\n\t\t\t\t<div class=\"elementor-element elementor-element-65d7d1a5 elementor-widget elementor-widget-heading\" data-id=\"65d7d1a5\" data-element_type=\"widget\" data-e-type=\"widget\" data-widget_type=\"heading.default\">\n\t\t\t\t<div class=\"elementor-widget-container\">\n\t\t\t\t\t<div class=\"elementor-heading-title elementor-size-default\">Key Researcher<\/div>\t\t\t\t<\/div>\n\t\t\t\t<\/div>\n\t\t\t\t<div class=\"elementor-element elementor-element-46db5f31 elementor-widget elementor-widget-heading\" data-id=\"46db5f31\" data-element_type=\"widget\" data-e-type=\"widget\" data-widget_type=\"heading.default\">\n\t\t\t\t<div class=\"elementor-widget-container\">\n\t\t\t\t\t<div class=\"elementor-heading-title elementor-size-default\"><a href=\"tel:+43%20316%20876-5000\/en\/\">+43 316 876-1716<\/a><\/div>\t\t\t\t<\/div>\n\t\t\t\t<\/div>\n\t\t\t\t<div class=\"elementor-element elementor-element-6fa8b48c elementor-widget elementor-widget-heading\" data-id=\"6fa8b48c\" data-element_type=\"widget\" data-e-type=\"widget\" data-widget_type=\"heading.default\">\n\t\t\t\t<div class=\"elementor-widget-container\">\n\t\t\t\t\t<div class=\"elementor-heading-title elementor-size-default\"><a href=\"mailto:gerhard.paar@joanneum.at\">gerhard.paar@joanneum.at\n<\/a><\/div>\t\t\t\t<\/div>\n\t\t\t\t<\/div>\n\t\t\t\t<\/div>\n\t\t\t\t<\/div>\n\t\t\t\t\t<\/div>\n\t\t\t\t<\/div>\n\t\t\t\t<\/div>","protected":false},"excerpt":{"rendered":"<p>3D-Vision und 3D-Visualisierung in der Mars-Exploration 3D als Schl\u00fcssel zur quantitativen geologischen Auswertung planetarer Oberfl\u00e4chen 3D-Prozessierung f\u00fcr Mars Missionen Wir haben mit unserem Partner VRVis &#8211;&nbsp;Zentrum f\u00fcr Virtual Reality und&nbsp;Visualisierung&nbsp;weltweit einzigartige&nbsp;Rahmenbedingungen zur Prozessierung und Visualisierung planetarer Oberfl\u00e4chendaten (Mars, Mond, Asteroiden) geschaffen. Die Elemente &#8222;PRoViP&#8220; und &#8222;PRo3D&#8220; greifen zur Echtzeitzusammenf\u00fchrung und Visualisierung von 3D-Daten in allen [&hellip;]<\/p>\n","protected":false},"author":30,"featured_media":0,"parent":0,"menu_order":0,"comment_status":"closed","ping_status":"closed","template":"","meta":{"_acf_changed":false,"footnotes":""},"class_list":["post-17986","page","type-page","status-publish","hentry"],"acf":[],"_links":{"self":[{"href":"https:\/\/www.joanneum.at\/digital\/en\/wp-json\/wp\/v2\/pages\/17986","targetHints":{"allow":["GET"]}}],"collection":[{"href":"https:\/\/www.joanneum.at\/digital\/en\/wp-json\/wp\/v2\/pages"}],"about":[{"href":"https:\/\/www.joanneum.at\/digital\/en\/wp-json\/wp\/v2\/types\/page"}],"author":[{"embeddable":true,"href":"https:\/\/www.joanneum.at\/digital\/en\/wp-json\/wp\/v2\/users\/30"}],"replies":[{"embeddable":true,"href":"https:\/\/www.joanneum.at\/digital\/en\/wp-json\/wp\/v2\/comments?post=17986"}],"version-history":[{"count":8,"href":"https:\/\/www.joanneum.at\/digital\/en\/wp-json\/wp\/v2\/pages\/17986\/revisions"}],"predecessor-version":[{"id":18439,"href":"https:\/\/www.joanneum.at\/digital\/en\/wp-json\/wp\/v2\/pages\/17986\/revisions\/18439"}],"wp:attachment":[{"href":"https:\/\/www.joanneum.at\/digital\/en\/wp-json\/wp\/v2\/media?parent=17986"}],"curies":[{"name":"wp","href":"https:\/\/api.w.org\/{rel}","templated":true}]}}