{"id":18050,"date":"2024-04-22T20:01:58","date_gmt":"2024-04-22T18:01:58","guid":{"rendered":"https:\/\/www.joanneum.at\/digital\/?page_id=18050"},"modified":"2024-06-07T10:38:43","modified_gmt":"2024-06-07T08:38:43","slug":"weltraumtaugliche-3d-technologien","status":"publish","type":"page","link":"https:\/\/www.joanneum.at\/digital\/en\/weltraumtaugliche-3d-technologien\/","title":{"rendered":"Weltraumtaugliche 3D Technologien"},"content":{"rendered":"<div data-elementor-type=\"wp-page\" data-elementor-id=\"18050\" class=\"elementor elementor-18050\" data-elementor-post-type=\"page\">\n\t\t\t\t<div class=\"elementor-element elementor-element-1639dbcf li-no-print  e-flex e-con-boxed e-con e-parent\" data-id=\"1639dbcf\" data-element_type=\"container\" data-e-type=\"container\">\n\t\t\t\t\t<div class=\"e-con-inner\">\n\t\t\t\t<div class=\"elementor-element elementor-element-7eb6fbf idl-flag  elementor-widget elementor-widget-heading\" data-id=\"7eb6fbf\" data-element_type=\"widget\" data-e-type=\"widget\" data-widget_type=\"heading.default\">\n\t\t\t\t<div class=\"elementor-widget-container\">\n\t\t\t\t\t<div class=\"elementor-heading-title elementor-size-default\"><a href=\"https:\/\/www.joanneum.at\/digital\/en\">DIGITAL<\/a><\/div>\t\t\t\t<\/div>\n\t\t\t\t<\/div>\n\t\t\t\t\t<\/div>\n\t\t\t\t<\/div>\n\t\t<div class=\"elementor-element elementor-element-4a576b4 idl-ec-wr project-header--print e-flex e-con-boxed e-con e-parent\" data-id=\"4a576b4\" data-element_type=\"container\" data-e-type=\"container\">\n\t\t\t\t\t<div class=\"e-con-inner\">\n\t\t<div class=\"elementor-element elementor-element-2aa055f0 e-con-full e-flex e-con e-child\" data-id=\"2aa055f0\" data-element_type=\"container\" data-e-type=\"container\">\n\t\t<div class=\"elementor-element elementor-element-53dfea1e e-con-full e-flex e-con e-child\" data-id=\"53dfea1e\" data-element_type=\"container\" data-e-type=\"container\">\n\t\t<div class=\"elementor-element elementor-element-53317f2b e-con-full e-flex e-con e-child\" data-id=\"53317f2b\" data-element_type=\"container\" data-e-type=\"container\">\n\t\t<div class=\"elementor-element elementor-element-6a87f5c6 e-con-full e-flex e-con e-child\" data-id=\"6a87f5c6\" data-element_type=\"container\" data-e-type=\"container\">\n\t\t\t\t<div class=\"elementor-element elementor-element-2345ae83 idl-mobil-titel li-project-introduction-title elementor-widget elementor-widget-heading\" data-id=\"2345ae83\" data-element_type=\"widget\" data-e-type=\"widget\" data-widget_type=\"heading.default\">\n\t\t\t\t<div class=\"elementor-widget-container\">\n\t\t\t\t\t<h1 class=\"elementor-heading-title elementor-size-default\">Space-qualified 3D technologies<\/h1>\t\t\t\t<\/div>\n\t\t\t\t<\/div>\n\t\t\t\t<\/div>\n\t\t\t\t<\/div>\n\t\t\t\t<div class=\"elementor-element elementor-element-729267ba elementor-widget elementor-widget-heading\" data-id=\"729267ba\" data-element_type=\"widget\" data-e-type=\"widget\" data-widget_type=\"heading.default\">\n\t\t\t\t<div class=\"elementor-widget-container\">\n\t\t\t\t\t<div class=\"elementor-heading-title elementor-size-default\">Mission-capable camera and processing technologies for optical 3D capture and analysis<\/div>\t\t\t\t<\/div>\n\t\t\t\t<\/div>\n\t\t\t\t<\/div>\n\t\t\t\t<\/div>\n\t\t\t\t\t<\/div>\n\t\t\t\t<\/div>\n\t\t<div class=\"elementor-element elementor-element-47c11111 idl-no-padd project-image--print e-flex e-con-boxed e-con e-parent\" data-id=\"47c11111\" data-element_type=\"container\" data-e-type=\"container\">\n\t\t\t\t\t<div class=\"e-con-inner\">\n\t\t<div class=\"elementor-element elementor-element-15ada28e e-con-full e-flex e-con e-child\" data-id=\"15ada28e\" data-element_type=\"container\" data-e-type=\"container\">\n\t\t\t\t<div class=\"elementor-element elementor-element-3223b9b4 elementor-widget elementor-widget-image\" data-id=\"3223b9b4\" data-element_type=\"widget\" data-e-type=\"widget\" data-widget_type=\"image.default\">\n\t\t\t\t<div class=\"elementor-widget-container\">\n\t\t\t\t\t\t\t\t\t\t\t\t<figure class=\"wp-caption\">\n\t\t\t\t\t\t\t\t\t\t<img fetchpriority=\"high\" decoding=\"async\" width=\"800\" height=\"421\" src=\"https:\/\/www.joanneum.at\/digital\/wp-content\/uploads\/sites\/3\/2024\/04\/CLUPI_maria_del_pilar_caballo_perucha-1024x539.jpg\" class=\"attachment-large size-large wp-image-18051\" alt=\"Piluca Caballo-Perucha von DIGITAL im ESA Reinraum bei der geometrischen Kalibration des ExoMars CLUPI Instruments\" srcset=\"https:\/\/www.joanneum.at\/digital\/wp-content\/uploads\/sites\/3\/2024\/04\/CLUPI_maria_del_pilar_caballo_perucha-1024x539.jpg 1024w, https:\/\/www.joanneum.at\/digital\/wp-content\/uploads\/sites\/3\/2024\/04\/CLUPI_maria_del_pilar_caballo_perucha-380x200.jpg 380w, https:\/\/www.joanneum.at\/digital\/wp-content\/uploads\/sites\/3\/2024\/04\/CLUPI_maria_del_pilar_caballo_perucha-768x405.jpg 768w, https:\/\/www.joanneum.at\/digital\/wp-content\/uploads\/sites\/3\/2024\/04\/CLUPI_maria_del_pilar_caballo_perucha-18x9.jpg 18w, https:\/\/www.joanneum.at\/digital\/wp-content\/uploads\/sites\/3\/2024\/04\/elementor\/thumbs\/CLUPI_maria_del_pilar_caballo_perucha-150x150.jpg 1140w, https:\/\/www.joanneum.at\/digital\/wp-content\/uploads\/sites\/3\/2024\/04\/CLUPI_maria_del_pilar_caballo_perucha.jpg 1139w\" sizes=\"(max-width: 800px) 100vw, 800px\" \/>\t\t\t\t\t\t\t\t\t\t\t<figcaption class=\"widget-image-caption wp-caption-text\"><\/figcaption>\n\t\t\t\t\t\t\t\t\t\t<\/figure>\n\t\t\t\t\t\t\t\t\t<\/div>\n\t\t\t\t<\/div>\n\t\t<!-- hidden container 18050-4adbeb46 -->\t\t<\/div>\n\t\t\t\t\t<\/div>\n\t\t\t\t<\/div>\n\t\t<div class=\"elementor-element elementor-element-5360190c e-flex e-con-boxed e-con e-parent\" data-id=\"5360190c\" data-element_type=\"container\" data-e-type=\"container\">\n\t\t\t\t\t<div class=\"e-con-inner\">\n\t\t<div class=\"elementor-element elementor-element-1c3313cd e-con-full e-flex e-con e-child\" data-id=\"1c3313cd\" data-element_type=\"container\" data-e-type=\"container\">\n\t\t<div class=\"elementor-element elementor-element-152e4386 e-con-full e-flex e-con e-child\" data-id=\"152e4386\" data-element_type=\"container\" data-e-type=\"container\">\n\t\t\t\t<div class=\"elementor-element elementor-element-35125e60 elementor-widget elementor-widget-heading\" data-id=\"35125e60\" data-element_type=\"widget\" data-e-type=\"widget\" data-widget_type=\"heading.default\">\n\t\t\t\t<div class=\"elementor-widget-container\">\n\t\t\t\t\t<h2 class=\"elementor-heading-title elementor-size-default\">Solutions for 3D data processing<\/h2>\t\t\t\t<\/div>\n\t\t\t\t<\/div>\n\t\t\t\t<div class=\"elementor-element elementor-element-f2ad208 idl-unterseite-text elementor-widget elementor-widget-text-editor\" data-id=\"f2ad208\" data-element_type=\"widget\" data-e-type=\"widget\" data-widget_type=\"text-editor.default\">\n\t\t\t\t<div class=\"elementor-widget-container\">\n\t\t\t\t\t\t\t\t\t<p>We offer comprehensive solutions for 3D data processing of optical instruments, preparation of 3D data for visualisation, transfer and ordering of metadata of the instruments and the imaging situation through to scientific interpretation. Precise geometric calibration of the instruments is an integral part of this. By participating in several missions and being integrated into the respective scientific teams, DIGITAL forms an important bridge between the acquisition, processing and visualisation technologies and the respective scientific applications of the processed data.<\/p>\n<ul>\n<li class=\"translation-block\">Together with our partner VRVis, we have created a globally unique framework for processing and visualising planetary surface data (Mars, moon, asteroids). The elements \"PRoViP\" and \"<a href=\"https:\/\/pro3d.space\/\" target=\"_blank\" rel=\"noopener\" role=\"link\">PRo3D<\/a>\" interlock seamlessly for the real-time merging and visualisation of 3D data at all scales from millimetres to thousands of kilometres, including the representation of planets and moons on their orbits.<\/li>\n<li>The ESA\/NASA ExoMars (Rosalind Franklin) rover mission (due to land on the surface of the Red Planet in 2030) will use the landing platform to study the composition and properties of the Martian surface and atmosphere. The rover will also search for signs of past life on Mars. Rosalind Franklin will be controlled from Turin, Italy, where the Rover Operations Control Centre (ROCC, provided by ALTEC\/Thales Alenia Space Italy) is located. In order to plan the daily operations of the rover, in particular to identify dangerous formations (cliffs, rocks, dunes, etc.) and to select the next scientifically interesting targets for inspection, a precise 3D model of its environment is required during its journey across the Martian desert surface. DIGITAL has developed the software for the ROCC to generate such 3D models based on the daily images from the rover's navigation and localisation cameras (NavCam &amp; LocCam) as well as the scientific camera system PanCam for so-called \"tactical planning\" and operational support beyond the mission.<\/li>\n<li>We create and refine the geometric calibration of camera systems (ExoMars PanCam, CLUPI, NavCam and LocCam; Mars 2020 Mastcam-Z) as part of exploration missions.<\/li>\n<li>We are experts in creating flight-ready software components. We provided the C prototype for the on-board focus and z-stacking (3D from different focus settings) software for the ExoMars CLUPI (Close-Up Imager) instrument.<\/li>\n<li>In addition to calibrating and processing images from the ExoMars Rover, JOANNEUM RESEARCH has also equipped the Mars Terrain Simulator (MTS) with processing software to generate 3D models of replicated Martian terrain formations in the ROCC indoor test site. The MTS contains a copy of the ExoMars rover (the so-called \"Ground Test Model\", GTM) to test and validate planned operations in a 1:1 Mars analogue environment during the mission.<\/li>\n<li class=\"translation-block\">The technologies developed in the <a href=\"https:\/\/projekte.ffg.at\/projekt\/2975617\" target=\"_blank\" rel=\"noopener\" role=\"link\">MINERVA<\/a> project (FFG\/ASAP 865980) make it possible to combine instrument data from planetary surfaces and to visualise data correlations in three dimensions. The solution will significantly contribute to the understanding of entire missions by spatially and temporally linking data from scientific instruments such as camera images, 3D models or spectral measurements, and by enabling new methods of interpretation through powerful search queries. MINERVA, a collaboration between JR-DIGITAL, VRVis and EOX, uses big data, 3D database and visualisation technologies.<\/li>\n<\/ul>\t\t\t\t\t\t\t\t<\/div>\n\t\t\t\t<\/div>\n\t\t\t\t<\/div>\n\t\t\t\t<\/div>\n\t\t\t\t\t<\/div>\n\t\t\t\t<\/div>\n\t\t<div class=\"elementor-element elementor-element-30e565e5 idl-ap-wr e-flex e-con-boxed e-con e-parent\" data-id=\"30e565e5\" data-element_type=\"container\" data-e-type=\"container\" data-settings=\"{&quot;background_background&quot;:&quot;classic&quot;}\">\n\t\t\t\t\t<div class=\"e-con-inner\">\n\t\t<div class=\"elementor-element elementor-element-54335136 e-con-full e-flex e-con e-child\" data-id=\"54335136\" data-element_type=\"container\" data-e-type=\"container\" data-settings=\"{&quot;background_background&quot;:&quot;classic&quot;}\">\n\t\t\t\t<div class=\"elementor-element elementor-element-2b554b21 elementor-widget elementor-widget-image\" data-id=\"2b554b21\" data-element_type=\"widget\" data-e-type=\"widget\" data-widget_type=\"image.default\">\n\t\t\t\t<div class=\"elementor-widget-container\">\n\t\t\t\t\t\t\t\t\t\t\t\t\t\t\t<img decoding=\"async\" width=\"682\" height=\"682\" src=\"https:\/\/www.joanneum.at\/digital\/wp-content\/uploads\/sites\/3\/2024\/04\/Piluca_Caballo-Perucha.jpg\" class=\"attachment-large size-large wp-image-18052\" alt=\"Portrait Piluca Caballo\" srcset=\"https:\/\/www.joanneum.at\/digital\/wp-content\/uploads\/sites\/3\/2024\/04\/Piluca_Caballo-Perucha.jpg 682w, https:\/\/www.joanneum.at\/digital\/wp-content\/uploads\/sites\/3\/2024\/04\/Piluca_Caballo-Perucha-380x380.jpg 380w, https:\/\/www.joanneum.at\/digital\/wp-content\/uploads\/sites\/3\/2024\/04\/Piluca_Caballo-Perucha-150x150.jpg 150w, https:\/\/www.joanneum.at\/digital\/wp-content\/uploads\/sites\/3\/2024\/04\/Piluca_Caballo-Perucha-12x12.jpg 12w\" sizes=\"(max-width: 682px) 100vw, 682px\" \/>\t\t\t\t\t\t\t\t\t\t\t\t\t\t\t<\/div>\n\t\t\t\t<\/div>\n\t\t\t\t<div class=\"elementor-element elementor-element-672590ae elementor-widget elementor-widget-heading\" data-id=\"672590ae\" data-element_type=\"widget\" data-e-type=\"widget\" data-widget_type=\"heading.default\">\n\t\t\t\t<div class=\"elementor-widget-container\">\n\t\t\t\t\t<div class=\"elementor-heading-title elementor-size-default\">Space-qualified 3D technologies<\/div>\t\t\t\t<\/div>\n\t\t\t\t<\/div>\n\t\t\t\t<div class=\"elementor-element elementor-element-41e0d8b4 elementor-widget elementor-widget-heading\" data-id=\"41e0d8b4\" data-element_type=\"widget\" data-e-type=\"widget\" data-widget_type=\"heading.default\">\n\t\t\t\t<div class=\"elementor-widget-container\">\n\t\t\t\t\t<h2 class=\"elementor-heading-title elementor-size-default\">Your contact<\/h2>\t\t\t\t<\/div>\n\t\t\t\t<\/div>\n\t\t<div class=\"elementor-element elementor-element-4db40de e-con-full e-flex e-con e-child\" data-id=\"4db40de\" data-element_type=\"container\" data-e-type=\"container\">\n\t\t\t\t<div class=\"elementor-element elementor-element-253311d2 elementor-widget elementor-widget-heading\" data-id=\"253311d2\" data-element_type=\"widget\" data-e-type=\"widget\" data-widget_type=\"heading.default\">\n\t\t\t\t<div class=\"elementor-widget-container\">\n\t\t\t\t\t<div class=\"elementor-heading-title elementor-size-default\">DI<sup>in<\/sup> Maria del Pilar Caballo Perucha, MSc<\/div>\t\t\t\t<\/div>\n\t\t\t\t<\/div>\n\t\t\t\t<div class=\"elementor-element elementor-element-7ec03a70 elementor-widget elementor-widget-heading\" data-id=\"7ec03a70\" data-element_type=\"widget\" data-e-type=\"widget\" data-widget_type=\"heading.default\">\n\t\t\t\t<div class=\"elementor-widget-container\">\n\t\t\t\t\t<div class=\"elementor-heading-title elementor-size-default\">Key Researcher<\/div>\t\t\t\t<\/div>\n\t\t\t\t<\/div>\n\t\t\t\t<div class=\"elementor-element elementor-element-17c0b284 elementor-widget elementor-widget-heading\" data-id=\"17c0b284\" data-element_type=\"widget\" data-e-type=\"widget\" data-widget_type=\"heading.default\">\n\t\t\t\t<div class=\"elementor-widget-container\">\n\t\t\t\t\t<div class=\"elementor-heading-title elementor-size-default\"><a href=\"tel:+43%20316%20876-1711\/en\/\">+43 316 876-1711\n<\/a><\/div>\t\t\t\t<\/div>\n\t\t\t\t<\/div>\n\t\t\t\t<div class=\"elementor-element elementor-element-2b1359ec elementor-widget elementor-widget-heading\" data-id=\"2b1359ec\" data-element_type=\"widget\" data-e-type=\"widget\" data-widget_type=\"heading.default\">\n\t\t\t\t<div class=\"elementor-widget-container\">\n\t\t\t\t\t<div class=\"elementor-heading-title elementor-size-default\"><a href=\"mailto:piluca.caballo-perucha@joanneum.at\">piluca.caballo-perucha@joanneum.at\n<\/a><\/div>\t\t\t\t<\/div>\n\t\t\t\t<\/div>\n\t\t\t\t<\/div>\n\t\t\t\t<\/div>\n\t\t\t\t\t<\/div>\n\t\t\t\t<\/div>\n\t\t\t\t<\/div>","protected":false},"excerpt":{"rendered":"<p>Weltraumtaugliche 3D-Technologien Missionstaugliche Kamera- und Prozessierungs-Technologien zur optischen 3D-Erfassung und -Analyse Piluca Caballo-Perucha von DIGITAL im ESA Reinraum bei der geometrischen Kalibration des ExoMars CLUPI Instruments L\u00f6sungen f\u00fcr die 3D-Datenprozessierung Wir bieten umfangreiche L\u00f6sungen in der 3D-Datenprozessierung optischer Instrumente, der Aufbereitung von 3D-Daten f\u00fcr die Visualisierung sowie die Weiterreichung und Ordnung von Meta-Daten der Instrumente [&hellip;]<\/p>\n","protected":false},"author":30,"featured_media":0,"parent":0,"menu_order":0,"comment_status":"closed","ping_status":"closed","template":"","meta":{"_acf_changed":false,"footnotes":""},"class_list":["post-18050","page","type-page","status-publish","hentry"],"acf":[],"_links":{"self":[{"href":"https:\/\/www.joanneum.at\/digital\/en\/wp-json\/wp\/v2\/pages\/18050","targetHints":{"allow":["GET"]}}],"collection":[{"href":"https:\/\/www.joanneum.at\/digital\/en\/wp-json\/wp\/v2\/pages"}],"about":[{"href":"https:\/\/www.joanneum.at\/digital\/en\/wp-json\/wp\/v2\/types\/page"}],"author":[{"embeddable":true,"href":"https:\/\/www.joanneum.at\/digital\/en\/wp-json\/wp\/v2\/users\/30"}],"replies":[{"embeddable":true,"href":"https:\/\/www.joanneum.at\/digital\/en\/wp-json\/wp\/v2\/comments?post=18050"}],"version-history":[{"count":8,"href":"https:\/\/www.joanneum.at\/digital\/en\/wp-json\/wp\/v2\/pages\/18050\/revisions"}],"predecessor-version":[{"id":18740,"href":"https:\/\/www.joanneum.at\/digital\/en\/wp-json\/wp\/v2\/pages\/18050\/revisions\/18740"}],"wp:attachment":[{"href":"https:\/\/www.joanneum.at\/digital\/en\/wp-json\/wp\/v2\/media?parent=18050"}],"curies":[{"name":"wp","href":"https:\/\/api.w.org\/{rel}","templated":true}]}}