{"id":18011,"date":"2024-04-22T18:34:47","date_gmt":"2024-04-22T16:34:47","guid":{"rendered":"https:\/\/www.joanneum.at\/digital\/?page_id=18011"},"modified":"2024-04-29T11:20:54","modified_gmt":"2024-04-29T09:20:54","slug":"3d-vision-und-visualisierung-fuer-die-asteroiden-erkundung","status":"publish","type":"page","link":"https:\/\/www.joanneum.at\/digital\/3d-vision-und-visualisierung-fuer-die-asteroiden-erkundung\/","title":{"rendered":"3D Vision und Visualisierung f\u00fcr die Asteroiden-Erkundung"},"content":{"rendered":"\t\t<div data-elementor-type=\"wp-page\" data-elementor-id=\"18011\" class=\"elementor elementor-18011\" data-elementor-post-type=\"page\">\n\t\t\t\t<div class=\"elementor-element elementor-element-6f4d78f0 li-no-print  e-flex e-con-boxed e-con e-parent\" data-id=\"6f4d78f0\" data-element_type=\"container\" data-e-type=\"container\">\n\t\t\t\t\t<div class=\"e-con-inner\">\n\t\t\t\t<div class=\"elementor-element elementor-element-5f20d3f7 idl-flag  elementor-widget elementor-widget-heading\" data-id=\"5f20d3f7\" data-element_type=\"widget\" data-e-type=\"widget\" data-widget_type=\"heading.default\">\n\t\t\t\t<div class=\"elementor-widget-container\">\n\t\t\t\t\t<div class=\"elementor-heading-title elementor-size-default\"><a href=\"https:\/\/www.joanneum.at\/digital\">DIGITAL<\/a><\/div>\t\t\t\t<\/div>\n\t\t\t\t<\/div>\n\t\t\t\t\t<\/div>\n\t\t\t\t<\/div>\n\t\t<div class=\"elementor-element elementor-element-1b9104a1 idl-ec-wr project-header--print e-flex e-con-boxed e-con e-parent\" data-id=\"1b9104a1\" data-element_type=\"container\" data-e-type=\"container\">\n\t\t\t\t\t<div class=\"e-con-inner\">\n\t\t<div class=\"elementor-element elementor-element-23fe2df3 e-con-full e-flex e-con e-child\" data-id=\"23fe2df3\" data-element_type=\"container\" data-e-type=\"container\">\n\t\t<div class=\"elementor-element elementor-element-c60aa85 e-con-full e-flex e-con e-child\" data-id=\"c60aa85\" data-element_type=\"container\" data-e-type=\"container\">\n\t\t<div class=\"elementor-element elementor-element-18e9b2b6 e-con-full e-flex e-con e-child\" data-id=\"18e9b2b6\" data-element_type=\"container\" data-e-type=\"container\">\n\t\t<div class=\"elementor-element elementor-element-7f7b4e9b e-con-full e-flex e-con e-child\" data-id=\"7f7b4e9b\" data-element_type=\"container\" data-e-type=\"container\">\n\t\t\t\t<div class=\"elementor-element elementor-element-2518980f idl-mobil-titel li-project-introduction-title elementor-widget elementor-widget-heading\" data-id=\"2518980f\" data-element_type=\"widget\" data-e-type=\"widget\" data-widget_type=\"heading.default\">\n\t\t\t\t<div class=\"elementor-widget-container\">\n\t\t\t\t\t<h1 class=\"elementor-heading-title elementor-size-default\">3D-Vision und Visualisierung f\u00fcr die Asteroiden-Erkundung<\/h1>\t\t\t\t<\/div>\n\t\t\t\t<\/div>\n\t\t\t\t<\/div>\n\t\t\t\t<\/div>\n\t\t\t\t<div class=\"elementor-element elementor-element-54745572 elementor-widget elementor-widget-heading\" data-id=\"54745572\" data-element_type=\"widget\" data-e-type=\"widget\" data-widget_type=\"heading.default\">\n\t\t\t\t<div class=\"elementor-widget-container\">\n\t\t\t\t\t<div class=\"elementor-heading-title elementor-size-default\">3D als Schl\u00fcssel zum quantitativen Verst\u00e4ndnis von Asteroiden-Oberfl\u00e4chen<\/div>\t\t\t\t<\/div>\n\t\t\t\t<\/div>\n\t\t\t\t<\/div>\n\t\t\t\t<\/div>\n\t\t\t\t\t<\/div>\n\t\t\t\t<\/div>\n\t\t<div class=\"elementor-element elementor-element-38c7d097 idl-no-padd project-image--print e-flex e-con-boxed e-con e-parent\" data-id=\"38c7d097\" data-element_type=\"container\" data-e-type=\"container\">\n\t\t\t\t\t<div class=\"e-con-inner\">\n\t\t<div class=\"elementor-element elementor-element-29a3f01c e-con-full e-flex e-con e-child\" data-id=\"29a3f01c\" data-element_type=\"container\" data-e-type=\"container\">\n\t\t\t\t<div class=\"elementor-element elementor-element-4aa5bc77 elementor-widget elementor-widget-image\" data-id=\"4aa5bc77\" data-element_type=\"widget\" data-e-type=\"widget\" data-widget_type=\"image.default\">\n\t\t\t\t<div class=\"elementor-widget-container\">\n\t\t\t\t\t\t\t\t\t\t\t\t\t\t\t<img fetchpriority=\"high\" decoding=\"async\" width=\"1160\" height=\"600\" src=\"https:\/\/www.joanneum.at\/digital\/wp-content\/uploads\/sites\/3\/2024\/04\/Hera-PRo3D-Ausschnitt.jpg\" class=\"attachment-full-hd size-full-hd wp-image-18019\" alt=\"3D Analyse im Visualiserungstool PRo3D\" srcset=\"https:\/\/www.joanneum.at\/digital\/wp-content\/uploads\/sites\/3\/2024\/04\/Hera-PRo3D-Ausschnitt.jpg 1160w, https:\/\/www.joanneum.at\/digital\/wp-content\/uploads\/sites\/3\/2024\/04\/Hera-PRo3D-Ausschnitt-380x197.jpg 380w, https:\/\/www.joanneum.at\/digital\/wp-content\/uploads\/sites\/3\/2024\/04\/Hera-PRo3D-Ausschnitt-1024x530.jpg 1024w, https:\/\/www.joanneum.at\/digital\/wp-content\/uploads\/sites\/3\/2024\/04\/Hera-PRo3D-Ausschnitt-768x397.jpg 768w, https:\/\/www.joanneum.at\/digital\/wp-content\/uploads\/sites\/3\/2024\/04\/Hera-PRo3D-Ausschnitt-18x9.jpg 18w\" sizes=\"(max-width: 1160px) 100vw, 1160px\" \/>\t\t\t\t\t\t\t\t\t\t\t\t\t\t\t<\/div>\n\t\t\t\t<\/div>\n\t\t<!-- hidden container 18011-11053d1d -->\t\t<\/div>\n\t\t\t\t\t<\/div>\n\t\t\t\t<\/div>\n\t\t<div class=\"elementor-element elementor-element-79669038 e-flex e-con-boxed e-con e-parent\" data-id=\"79669038\" data-element_type=\"container\" data-e-type=\"container\">\n\t\t\t\t\t<div class=\"e-con-inner\">\n\t\t<div class=\"elementor-element elementor-element-22dbc227 e-con-full e-flex e-con e-child\" data-id=\"22dbc227\" data-element_type=\"container\" data-e-type=\"container\">\n\t\t<div class=\"elementor-element elementor-element-44a1b53c e-con-full e-flex e-con e-child\" data-id=\"44a1b53c\" data-element_type=\"container\" data-e-type=\"container\">\n\t\t\t\t<div class=\"elementor-element elementor-element-4b715b32 elementor-widget elementor-widget-heading\" data-id=\"4b715b32\" data-element_type=\"widget\" data-e-type=\"widget\" data-widget_type=\"heading.default\">\n\t\t\t\t<div class=\"elementor-widget-container\">\n\t\t\t\t\t<h2 class=\"elementor-heading-title elementor-size-default\">ESA Hera Mission zum Doppel-Asteroidensystem Didymos<\/h2>\t\t\t\t<\/div>\n\t\t\t\t<\/div>\n\t\t\t\t<div class=\"elementor-element elementor-element-4b443574 idl-unterseite-text elementor-widget elementor-widget-text-editor\" data-id=\"4b443574\" data-element_type=\"widget\" data-e-type=\"widget\" data-widget_type=\"text-editor.default\">\n\t\t\t\t<div class=\"elementor-widget-container\">\n\t\t\t\t\t\t\t\t\t<p>Gemeinsam mit VRVis &#8211; Zentrum f\u00fcr Virtual Reality und Visualisierung&nbsp;sind wir f\u00fcr die Entwicklung und den missionsgebundenen Betrieb des 3D-GIS (Geographisches Informationssystem) f\u00fcr die ESA Hera Mission zum Doppel-Asteroidensystem Didymos 2027 verantwortlich. Hera untersucht das Gebiet des Einschlags der DART-Sonde auf dem Mond Dimorphos am 26.9.2022. 3D-Prozessierung der Himmelsk\u00f6rper, Datensammlung, Visualisierung und wissenschaftlichen Aufbereitung der 3D-Daten stehen im Vordergrund bei der Entwicklung des 3D-Geographischen Informationssystems (3D-GIS). Die Verfahren k\u00f6nnen auch in zuk\u00fcnftigen Asteroidenmissionen Verwendung finden.<\/p>\n<ul>\n<li>Das Projekt <strong>PROVEX<\/strong>&nbsp;besch\u00e4ftigt sich im Umfeld des Hera 3D-GIS mit der sogenannten \u201eDaten-Provenance\u201c, der <strong>informationstechnischen Erfassung, Beschreibung und Nachverfolgung wissenschaftlicher Datenprozessierung- und Analysemechanismen<\/strong> (z. B. Prozessierung, Visualisierung, Kombination von Sensoren etc.), um auf jedem Einzelschritt in nachvollziehbarer Art und Weise aufsetzen zu k\u00f6nnen.<\/li>\n<\/ul>\t\t\t\t\t\t\t\t<\/div>\n\t\t\t\t<\/div>\n\t\t\t\t<\/div>\n\t\t\t\t<\/div>\n\t\t\t\t\t<\/div>\n\t\t\t\t<\/div>\n\t\t<div class=\"elementor-element elementor-element-3f898e43 idl-ap-wr e-flex e-con-boxed e-con e-parent\" data-id=\"3f898e43\" data-element_type=\"container\" data-e-type=\"container\" data-settings=\"{&quot;background_background&quot;:&quot;classic&quot;}\">\n\t\t\t\t\t<div class=\"e-con-inner\">\n\t\t<div class=\"elementor-element elementor-element-06df5ed e-con-full e-flex e-con e-child\" data-id=\"06df5ed\" data-element_type=\"container\" data-e-type=\"container\" data-settings=\"{&quot;background_background&quot;:&quot;classic&quot;}\">\n\t\t\t\t<div class=\"elementor-element elementor-element-e51e3d9 elementor-widget elementor-widget-image\" data-id=\"e51e3d9\" data-element_type=\"widget\" data-e-type=\"widget\" data-widget_type=\"image.default\">\n\t\t\t\t<div class=\"elementor-widget-container\">\n\t\t\t\t\t\t\t\t\t\t\t\t\t\t\t<img decoding=\"async\" width=\"706\" height=\"706\" src=\"https:\/\/www.joanneum.at\/digital\/wp-content\/uploads\/sites\/3\/2024\/04\/Gerhard_Paar_6Cut.jpg\" class=\"attachment-large size-large wp-image-17997\" alt=\"\" srcset=\"https:\/\/www.joanneum.at\/digital\/wp-content\/uploads\/sites\/3\/2024\/04\/Gerhard_Paar_6Cut.jpg 706w, https:\/\/www.joanneum.at\/digital\/wp-content\/uploads\/sites\/3\/2024\/04\/Gerhard_Paar_6Cut-380x380.jpg 380w, https:\/\/www.joanneum.at\/digital\/wp-content\/uploads\/sites\/3\/2024\/04\/Gerhard_Paar_6Cut-150x150.jpg 150w, https:\/\/www.joanneum.at\/digital\/wp-content\/uploads\/sites\/3\/2024\/04\/Gerhard_Paar_6Cut-12x12.jpg 12w\" sizes=\"(max-width: 706px) 100vw, 706px\" \/>\t\t\t\t\t\t\t\t\t\t\t\t\t\t\t<\/div>\n\t\t\t\t<\/div>\n\t\t\t\t<div class=\"elementor-element elementor-element-29479df elementor-widget elementor-widget-heading\" data-id=\"29479df\" data-element_type=\"widget\" data-e-type=\"widget\" data-widget_type=\"heading.default\">\n\t\t\t\t<div class=\"elementor-widget-container\">\n\t\t\t\t\t<div class=\"elementor-heading-title elementor-size-default\">3D Vision und Visualisierung f\u00fcr die Asteroiden-Erkundung<\/div>\t\t\t\t<\/div>\n\t\t\t\t<\/div>\n\t\t\t\t<div class=\"elementor-element elementor-element-f769b91 elementor-widget elementor-widget-heading\" data-id=\"f769b91\" data-element_type=\"widget\" data-e-type=\"widget\" data-widget_type=\"heading.default\">\n\t\t\t\t<div class=\"elementor-widget-container\">\n\t\t\t\t\t<h2 class=\"elementor-heading-title elementor-size-default\">Ihre Ansprechperson<\/h2>\t\t\t\t<\/div>\n\t\t\t\t<\/div>\n\t\t<div class=\"elementor-element elementor-element-d4f4b97 e-con-full e-flex e-con e-child\" data-id=\"d4f4b97\" data-element_type=\"container\" data-e-type=\"container\">\n\t\t\t\t<div class=\"elementor-element elementor-element-76ce8e1 elementor-widget elementor-widget-heading\" data-id=\"76ce8e1\" data-element_type=\"widget\" data-e-type=\"widget\" data-widget_type=\"heading.default\">\n\t\t\t\t<div class=\"elementor-widget-container\">\n\t\t\t\t\t<div class=\"elementor-heading-title elementor-size-default\">DI Gerhard Paar<\/div>\t\t\t\t<\/div>\n\t\t\t\t<\/div>\n\t\t\t\t<div class=\"elementor-element elementor-element-e27e0b4 elementor-widget elementor-widget-heading\" data-id=\"e27e0b4\" data-element_type=\"widget\" data-e-type=\"widget\" data-widget_type=\"heading.default\">\n\t\t\t\t<div class=\"elementor-widget-container\">\n\t\t\t\t\t<div class=\"elementor-heading-title elementor-size-default\">Key Researcher<\/div>\t\t\t\t<\/div>\n\t\t\t\t<\/div>\n\t\t\t\t<div class=\"elementor-element elementor-element-61ccfea elementor-widget elementor-widget-heading\" data-id=\"61ccfea\" data-element_type=\"widget\" data-e-type=\"widget\" data-widget_type=\"heading.default\">\n\t\t\t\t<div class=\"elementor-widget-container\">\n\t\t\t\t\t<div class=\"elementor-heading-title elementor-size-default\"><a href=\"tel:+43%20316%20876-5000\">+43 316 876-1716<\/a><\/div>\t\t\t\t<\/div>\n\t\t\t\t<\/div>\n\t\t\t\t<div class=\"elementor-element elementor-element-97ba622 elementor-widget elementor-widget-heading\" data-id=\"97ba622\" data-element_type=\"widget\" data-e-type=\"widget\" data-widget_type=\"heading.default\">\n\t\t\t\t<div class=\"elementor-widget-container\">\n\t\t\t\t\t<div class=\"elementor-heading-title elementor-size-default\"><a href=\"mailto:gerhard.paar@joanneum.at\">gerhard.paar@joanneum.at\n<\/a><\/div>\t\t\t\t<\/div>\n\t\t\t\t<\/div>\n\t\t\t\t<\/div>\n\t\t\t\t<\/div>\n\t\t\t\t\t<\/div>\n\t\t\t\t<\/div>\n\t\t\t\t<\/div>\n\t\t","protected":false},"excerpt":{"rendered":"<p>3D-Vision und Visualisierung f\u00fcr die Asteroiden-Erkundung 3D als Schl\u00fcssel zum quantitativen Verst\u00e4ndnis von Asteroiden-Oberfl\u00e4chen ESA Hera Mission zum Doppel-Asteroidensystem Didymos Gemeinsam mit VRVis &#8211; Zentrum f\u00fcr Virtual Reality und Visualisierung&nbsp;sind wir f\u00fcr die Entwicklung und den missionsgebundenen Betrieb des 3D-GIS (Geographisches Informationssystem) f\u00fcr die ESA Hera Mission zum Doppel-Asteroidensystem Didymos 2027 verantwortlich. Hera untersucht das [&hellip;]<\/p>\n","protected":false},"author":30,"featured_media":0,"parent":0,"menu_order":0,"comment_status":"closed","ping_status":"closed","template":"","meta":{"_acf_changed":false,"footnotes":""},"class_list":["post-18011","page","type-page","status-publish","hentry"],"acf":[],"_links":{"self":[{"href":"https:\/\/www.joanneum.at\/digital\/wp-json\/wp\/v2\/pages\/18011","targetHints":{"allow":["GET"]}}],"collection":[{"href":"https:\/\/www.joanneum.at\/digital\/wp-json\/wp\/v2\/pages"}],"about":[{"href":"https:\/\/www.joanneum.at\/digital\/wp-json\/wp\/v2\/types\/page"}],"author":[{"embeddable":true,"href":"https:\/\/www.joanneum.at\/digital\/wp-json\/wp\/v2\/users\/30"}],"replies":[{"embeddable":true,"href":"https:\/\/www.joanneum.at\/digital\/wp-json\/wp\/v2\/comments?post=18011"}],"version-history":[{"count":8,"href":"https:\/\/www.joanneum.at\/digital\/wp-json\/wp\/v2\/pages\/18011\/revisions"}],"predecessor-version":[{"id":18425,"href":"https:\/\/www.joanneum.at\/digital\/wp-json\/wp\/v2\/pages\/18011\/revisions\/18425"}],"wp:attachment":[{"href":"https:\/\/www.joanneum.at\/digital\/wp-json\/wp\/v2\/media?parent=18011"}],"curies":[{"name":"wp","href":"https:\/\/api.w.org\/{rel}","templated":true}]}}