{"id":18050,"date":"2024-04-22T20:01:58","date_gmt":"2024-04-22T18:01:58","guid":{"rendered":"https:\/\/www.joanneum.at\/digital\/?page_id=18050"},"modified":"2024-06-07T10:38:43","modified_gmt":"2024-06-07T08:38:43","slug":"weltraumtaugliche-3d-technologien","status":"publish","type":"page","link":"https:\/\/www.joanneum.at\/digital\/weltraumtaugliche-3d-technologien\/","title":{"rendered":"Weltraumtaugliche 3D Technologien"},"content":{"rendered":"\t\t<div data-elementor-type=\"wp-page\" data-elementor-id=\"18050\" class=\"elementor elementor-18050\" data-elementor-post-type=\"page\">\n\t\t\t\t<div class=\"elementor-element elementor-element-1639dbcf li-no-print  e-flex e-con-boxed e-con e-parent\" data-id=\"1639dbcf\" data-element_type=\"container\" data-e-type=\"container\">\n\t\t\t\t\t<div class=\"e-con-inner\">\n\t\t\t\t<div class=\"elementor-element elementor-element-7eb6fbf idl-flag  elementor-widget elementor-widget-heading\" data-id=\"7eb6fbf\" data-element_type=\"widget\" data-e-type=\"widget\" data-widget_type=\"heading.default\">\n\t\t\t\t<div class=\"elementor-widget-container\">\n\t\t\t\t\t<div class=\"elementor-heading-title elementor-size-default\"><a href=\"https:\/\/www.joanneum.at\/digital\">DIGITAL<\/a><\/div>\t\t\t\t<\/div>\n\t\t\t\t<\/div>\n\t\t\t\t\t<\/div>\n\t\t\t\t<\/div>\n\t\t<div class=\"elementor-element elementor-element-4a576b4 idl-ec-wr project-header--print e-flex e-con-boxed e-con e-parent\" data-id=\"4a576b4\" data-element_type=\"container\" data-e-type=\"container\">\n\t\t\t\t\t<div class=\"e-con-inner\">\n\t\t<div class=\"elementor-element elementor-element-2aa055f0 e-con-full e-flex e-con e-child\" data-id=\"2aa055f0\" data-element_type=\"container\" data-e-type=\"container\">\n\t\t<div class=\"elementor-element elementor-element-53dfea1e e-con-full e-flex e-con e-child\" data-id=\"53dfea1e\" data-element_type=\"container\" data-e-type=\"container\">\n\t\t<div class=\"elementor-element elementor-element-53317f2b e-con-full e-flex e-con e-child\" data-id=\"53317f2b\" data-element_type=\"container\" data-e-type=\"container\">\n\t\t<div class=\"elementor-element elementor-element-6a87f5c6 e-con-full e-flex e-con e-child\" data-id=\"6a87f5c6\" data-element_type=\"container\" data-e-type=\"container\">\n\t\t\t\t<div class=\"elementor-element elementor-element-2345ae83 idl-mobil-titel li-project-introduction-title elementor-widget elementor-widget-heading\" data-id=\"2345ae83\" data-element_type=\"widget\" data-e-type=\"widget\" data-widget_type=\"heading.default\">\n\t\t\t\t<div class=\"elementor-widget-container\">\n\t\t\t\t\t<h1 class=\"elementor-heading-title elementor-size-default\">Weltraumtaugliche 3D-Technologien<\/h1>\t\t\t\t<\/div>\n\t\t\t\t<\/div>\n\t\t\t\t<\/div>\n\t\t\t\t<\/div>\n\t\t\t\t<div class=\"elementor-element elementor-element-729267ba elementor-widget elementor-widget-heading\" data-id=\"729267ba\" data-element_type=\"widget\" data-e-type=\"widget\" data-widget_type=\"heading.default\">\n\t\t\t\t<div class=\"elementor-widget-container\">\n\t\t\t\t\t<div class=\"elementor-heading-title elementor-size-default\">Missionstaugliche Kamera- und Prozessierungs-Technologien zur optischen 3D-Erfassung und -Analyse<\/div>\t\t\t\t<\/div>\n\t\t\t\t<\/div>\n\t\t\t\t<\/div>\n\t\t\t\t<\/div>\n\t\t\t\t\t<\/div>\n\t\t\t\t<\/div>\n\t\t<div class=\"elementor-element elementor-element-47c11111 idl-no-padd project-image--print e-flex e-con-boxed e-con e-parent\" data-id=\"47c11111\" data-element_type=\"container\" data-e-type=\"container\">\n\t\t\t\t\t<div class=\"e-con-inner\">\n\t\t<div class=\"elementor-element elementor-element-15ada28e e-con-full e-flex e-con e-child\" data-id=\"15ada28e\" data-element_type=\"container\" data-e-type=\"container\">\n\t\t\t\t<div class=\"elementor-element elementor-element-3223b9b4 elementor-widget elementor-widget-image\" data-id=\"3223b9b4\" data-element_type=\"widget\" data-e-type=\"widget\" data-widget_type=\"image.default\">\n\t\t\t\t<div class=\"elementor-widget-container\">\n\t\t\t\t\t\t\t\t\t\t\t\t<figure class=\"wp-caption\">\n\t\t\t\t\t\t\t\t\t\t<img fetchpriority=\"high\" decoding=\"async\" width=\"800\" height=\"421\" src=\"https:\/\/www.joanneum.at\/digital\/wp-content\/uploads\/sites\/3\/2024\/04\/CLUPI_maria_del_pilar_caballo_perucha-1024x539.jpg\" class=\"attachment-large size-large wp-image-18051\" alt=\"Piluca Caballo-Perucha von DIGITAL im ESA Reinraum bei der geometrischen Kalibration des ExoMars CLUPI Instruments\" srcset=\"https:\/\/www.joanneum.at\/digital\/wp-content\/uploads\/sites\/3\/2024\/04\/CLUPI_maria_del_pilar_caballo_perucha-1024x539.jpg 1024w, https:\/\/www.joanneum.at\/digital\/wp-content\/uploads\/sites\/3\/2024\/04\/CLUPI_maria_del_pilar_caballo_perucha-380x200.jpg 380w, https:\/\/www.joanneum.at\/digital\/wp-content\/uploads\/sites\/3\/2024\/04\/CLUPI_maria_del_pilar_caballo_perucha-768x405.jpg 768w, https:\/\/www.joanneum.at\/digital\/wp-content\/uploads\/sites\/3\/2024\/04\/CLUPI_maria_del_pilar_caballo_perucha-18x9.jpg 18w, https:\/\/www.joanneum.at\/digital\/wp-content\/uploads\/sites\/3\/2024\/04\/elementor\/thumbs\/CLUPI_maria_del_pilar_caballo_perucha-150x150.jpg 1140w, https:\/\/www.joanneum.at\/digital\/wp-content\/uploads\/sites\/3\/2024\/04\/CLUPI_maria_del_pilar_caballo_perucha.jpg 1139w\" sizes=\"(max-width: 800px) 100vw, 800px\" \/>\t\t\t\t\t\t\t\t\t\t\t<figcaption class=\"widget-image-caption wp-caption-text\"><\/figcaption>\n\t\t\t\t\t\t\t\t\t\t<\/figure>\n\t\t\t\t\t\t\t\t\t<\/div>\n\t\t\t\t<\/div>\n\t\t<!-- hidden container 18050-4adbeb46 -->\t\t<\/div>\n\t\t\t\t\t<\/div>\n\t\t\t\t<\/div>\n\t\t<div class=\"elementor-element elementor-element-5360190c e-flex e-con-boxed e-con e-parent\" data-id=\"5360190c\" data-element_type=\"container\" data-e-type=\"container\">\n\t\t\t\t\t<div class=\"e-con-inner\">\n\t\t<div class=\"elementor-element elementor-element-1c3313cd e-con-full e-flex e-con e-child\" data-id=\"1c3313cd\" data-element_type=\"container\" data-e-type=\"container\">\n\t\t<div class=\"elementor-element elementor-element-152e4386 e-con-full e-flex e-con e-child\" data-id=\"152e4386\" data-element_type=\"container\" data-e-type=\"container\">\n\t\t\t\t<div class=\"elementor-element elementor-element-35125e60 elementor-widget elementor-widget-heading\" data-id=\"35125e60\" data-element_type=\"widget\" data-e-type=\"widget\" data-widget_type=\"heading.default\">\n\t\t\t\t<div class=\"elementor-widget-container\">\n\t\t\t\t\t<h2 class=\"elementor-heading-title elementor-size-default\">L\u00f6sungen f\u00fcr die 3D-Datenprozessierung<\/h2>\t\t\t\t<\/div>\n\t\t\t\t<\/div>\n\t\t\t\t<div class=\"elementor-element elementor-element-f2ad208 idl-unterseite-text elementor-widget elementor-widget-text-editor\" data-id=\"f2ad208\" data-element_type=\"widget\" data-e-type=\"widget\" data-widget_type=\"text-editor.default\">\n\t\t\t\t<div class=\"elementor-widget-container\">\n\t\t\t\t\t\t\t\t\t<p>Wir bieten umfangreiche L\u00f6sungen in der 3D-Datenprozessierung optischer Instrumente, der Aufbereitung von 3D-Daten f\u00fcr die Visualisierung sowie die Weiterreichung und Ordnung von Meta-Daten der Instrumente und Aufnahmesituation bis in die wissenschaftliche Interpretation hinein. Pr\u00e4zise geometrische Kalibration der Instrumente ist ein integrativer Bestandteil darin. Mit mehreren Missions-Beteiligungen und der Einbindung in die jeweiligen wissenschaftlichen Teams bildet DIGITAL eine wichtige Br\u00fccke zwischen den Aufnahme-, Prozessierungs- und Visualisierungstechnologien und den jeweiligen wissenschaftlichen Anwendungen der aufbereiteten Daten.<\/p>\n<ul>\n<li>Wir haben mit unserem Partner VRVis ein weltweit einzigartiges Framework zur Prozessierung und Visualisierung planetarer Oberfl\u00e4chendaten (Mars, Mond, Asteroiden) geschaffen. Die Elemente &#8222;PRoViP&#8220; und &#8222;<a href=\"https:\/\/pro3d.space\/\" target=\"_blank\" rel=\"noopener\">PRo3D<\/a>&#8220; greifen zur Echtzeitzusammenf\u00fchrung und Visualisierung von 3D-Daten in allen Skalierungen von Millimetern bis zu tausenden Kilometern nahtlos ineinander, inklusive der Darstellung der Planeten und Monde auf ihren Bahnen.<\/li>\n<li>Die ESA\/NASA ExoMars (Rosalind Franklin) Rover Mission (Landung auf der Oberfl\u00e4che des Roten Planeten 2030) wird die Landeplattform die Zusammensetzung und Eigenschaften der Marsoberfl\u00e4che und seiner Atmosph\u00e4re untersuchen. Der Rover wird auch nach Anzeichen vergangenen Lebens auf dem Mars suchen. Rosalind Franklin wird von Turin in Italien aus gesteuert, wo sich das Rover Operations Control Center (ROCC, bereitgestellt von ALTEC\/Thales Alenia Space Italy) befindet. Um die t\u00e4glichen Operationen des Rovers zu planen, insbesondere um gef\u00e4hrliche Formationen (Klippen, Felsen, D\u00fcnen etc.) und die Auswahl der n\u00e4chsten wissenschaftlich interessanten Ziele f\u00fcr die Inspektion zu erkennen, wird w\u00e4hrend ihrer Fahrt auf der Mars-W\u00fcstenoberfl\u00e4che ein pr\u00e4zises 3D-Modell ihrer Umgebung notwendig. DIGITAL hat f\u00fcr das ROCC die Software zur Erzeugung solcher 3D-Modelle basierend auf den t\u00e4glichen Bildern der Rover-Navigations- und Lokalisierungskameras (NavCam &amp; LocCam), sowie dem wissenschaftlichen PanCam Kamerasystem f\u00fcr die sogenannte &#8222;Taktische Planung\u201c entwickelt, eine Unterst\u00fctzung des Betriebs ist bis \u00fcber die Mission hinaus geplant.<\/li>\n<li>Wir erstellen und verfeinern im Rahmen von Explorations-Missionen die geometrische Kalibration von Kamerasystemen (ExoMars PanCam, CLUPI, NavCam und LocCam; Mars 2020 Mastcam-Z)<\/li>\n<li>Wir sind Experten in der Erstellung flugtauglicher Software-Komponenten. Der C-Prototyp f\u00fcr die On-Board Fokus- und z-Stacking (3D aus unterschiedlichen Sch\u00e4rfe-Einstellungen) Software f\u00fcr das ExoMars CLUPI (Close-Up Imager) Instrument wurde von uns bereitgestellt.<\/li>\n<li>Neben der Kalibration und Bearbeitung von ExoMars Rover Bildern hat JOANNEUM RESEARCH auch den &#8222;Mars Terrain Simulator&#8220; (MTS) mit einer Bearbeitungssoftware ausgestattet, um die 3D-Modelle nachgebauter Marslandschaftsformationen im ROCC Indoor-Testgel\u00e4nde zu generieren. MTS beinhaltet eine Kopie des ExoMars Rovers (das sogenannte \u201eGround Test Model\u201c, GTM), um geplante Operationen in einer 1:1 Mars-Analog-Mock-Up-Umgebung w\u00e4hrend der Mission zu erproben und zu validieren.<\/li>\n<li>Die im Projekt <a href=\"https:\/\/projekte.ffg.at\/projekt\/2975617\" target=\"_blank\" rel=\"noopener\">MINERVA<\/a> (FFG\/ASAP 865980) entwickelten Technologien erlauben es, Instrumentendaten planetarer Oberfl\u00e4chen zu kombinieren und Datenzusammenh\u00e4nge dreidimensional zu visualisieren. Die L\u00f6sung wird wesentlich zum Verst\u00e4ndnis ganzer Missionen beitragen, da sie Daten wissenschaftlicher Instrumente wie Kamerabilder, 3D Modelle oder Spektralmessungen r\u00e4umlich und zeitlich miteinander verkn\u00fcpft und mittels m\u00e4chtiger Suchanfragen neue Methoden der Interpretation erm\u00f6glicht. In MINERVA, einer Zusammenarbeit zwischen JR-DIGITAL, VRVis und EOX kamen Big-Data sowie 3D-Datenbank und Visualiserungstechnologien zum Einsatz.<\/li>\n<\/ul>\t\t\t\t\t\t\t\t<\/div>\n\t\t\t\t<\/div>\n\t\t\t\t<\/div>\n\t\t\t\t<\/div>\n\t\t\t\t\t<\/div>\n\t\t\t\t<\/div>\n\t\t<div class=\"elementor-element elementor-element-30e565e5 idl-ap-wr e-flex e-con-boxed e-con e-parent\" data-id=\"30e565e5\" data-element_type=\"container\" data-e-type=\"container\" data-settings=\"{&quot;background_background&quot;:&quot;classic&quot;}\">\n\t\t\t\t\t<div class=\"e-con-inner\">\n\t\t<div class=\"elementor-element elementor-element-54335136 e-con-full e-flex e-con e-child\" data-id=\"54335136\" data-element_type=\"container\" data-e-type=\"container\" data-settings=\"{&quot;background_background&quot;:&quot;classic&quot;}\">\n\t\t\t\t<div class=\"elementor-element elementor-element-2b554b21 elementor-widget elementor-widget-image\" data-id=\"2b554b21\" data-element_type=\"widget\" data-e-type=\"widget\" data-widget_type=\"image.default\">\n\t\t\t\t<div class=\"elementor-widget-container\">\n\t\t\t\t\t\t\t\t\t\t\t\t\t\t\t<img decoding=\"async\" width=\"682\" height=\"682\" src=\"https:\/\/www.joanneum.at\/digital\/wp-content\/uploads\/sites\/3\/2024\/04\/Piluca_Caballo-Perucha.jpg\" class=\"attachment-large size-large wp-image-18052\" alt=\"Portrait Piluca Caballo\" srcset=\"https:\/\/www.joanneum.at\/digital\/wp-content\/uploads\/sites\/3\/2024\/04\/Piluca_Caballo-Perucha.jpg 682w, https:\/\/www.joanneum.at\/digital\/wp-content\/uploads\/sites\/3\/2024\/04\/Piluca_Caballo-Perucha-380x380.jpg 380w, https:\/\/www.joanneum.at\/digital\/wp-content\/uploads\/sites\/3\/2024\/04\/Piluca_Caballo-Perucha-150x150.jpg 150w, https:\/\/www.joanneum.at\/digital\/wp-content\/uploads\/sites\/3\/2024\/04\/Piluca_Caballo-Perucha-12x12.jpg 12w\" sizes=\"(max-width: 682px) 100vw, 682px\" \/>\t\t\t\t\t\t\t\t\t\t\t\t\t\t\t<\/div>\n\t\t\t\t<\/div>\n\t\t\t\t<div class=\"elementor-element elementor-element-672590ae elementor-widget elementor-widget-heading\" data-id=\"672590ae\" data-element_type=\"widget\" data-e-type=\"widget\" data-widget_type=\"heading.default\">\n\t\t\t\t<div class=\"elementor-widget-container\">\n\t\t\t\t\t<div class=\"elementor-heading-title elementor-size-default\">Weltraumtaugliche 3D-Technologien<\/div>\t\t\t\t<\/div>\n\t\t\t\t<\/div>\n\t\t\t\t<div class=\"elementor-element elementor-element-41e0d8b4 elementor-widget elementor-widget-heading\" data-id=\"41e0d8b4\" data-element_type=\"widget\" data-e-type=\"widget\" data-widget_type=\"heading.default\">\n\t\t\t\t<div class=\"elementor-widget-container\">\n\t\t\t\t\t<h2 class=\"elementor-heading-title elementor-size-default\">Ihre Ansprechperson<\/h2>\t\t\t\t<\/div>\n\t\t\t\t<\/div>\n\t\t<div class=\"elementor-element elementor-element-4db40de e-con-full e-flex e-con e-child\" data-id=\"4db40de\" data-element_type=\"container\" data-e-type=\"container\">\n\t\t\t\t<div class=\"elementor-element elementor-element-253311d2 elementor-widget elementor-widget-heading\" data-id=\"253311d2\" data-element_type=\"widget\" data-e-type=\"widget\" data-widget_type=\"heading.default\">\n\t\t\t\t<div class=\"elementor-widget-container\">\n\t\t\t\t\t<div class=\"elementor-heading-title elementor-size-default\">DI<sup>in<\/sup> Maria del Pilar Caballo Perucha, MSc<\/div>\t\t\t\t<\/div>\n\t\t\t\t<\/div>\n\t\t\t\t<div class=\"elementor-element elementor-element-7ec03a70 elementor-widget elementor-widget-heading\" data-id=\"7ec03a70\" data-element_type=\"widget\" data-e-type=\"widget\" data-widget_type=\"heading.default\">\n\t\t\t\t<div class=\"elementor-widget-container\">\n\t\t\t\t\t<div class=\"elementor-heading-title elementor-size-default\">Key Researcher<\/div>\t\t\t\t<\/div>\n\t\t\t\t<\/div>\n\t\t\t\t<div class=\"elementor-element elementor-element-17c0b284 elementor-widget elementor-widget-heading\" data-id=\"17c0b284\" data-element_type=\"widget\" data-e-type=\"widget\" data-widget_type=\"heading.default\">\n\t\t\t\t<div class=\"elementor-widget-container\">\n\t\t\t\t\t<div class=\"elementor-heading-title elementor-size-default\"><a href=\"tel:+43%20316%20876-1711\">+43 316 876-1711\n<\/a><\/div>\t\t\t\t<\/div>\n\t\t\t\t<\/div>\n\t\t\t\t<div class=\"elementor-element elementor-element-2b1359ec elementor-widget elementor-widget-heading\" data-id=\"2b1359ec\" data-element_type=\"widget\" data-e-type=\"widget\" data-widget_type=\"heading.default\">\n\t\t\t\t<div class=\"elementor-widget-container\">\n\t\t\t\t\t<div class=\"elementor-heading-title elementor-size-default\"><a href=\"mailto:piluca.caballo-perucha@joanneum.at\">piluca.caballo-perucha@joanneum.at\n<\/a><\/div>\t\t\t\t<\/div>\n\t\t\t\t<\/div>\n\t\t\t\t<\/div>\n\t\t\t\t<\/div>\n\t\t\t\t\t<\/div>\n\t\t\t\t<\/div>\n\t\t\t\t<\/div>\n\t\t","protected":false},"excerpt":{"rendered":"<p>Weltraumtaugliche 3D-Technologien Missionstaugliche Kamera- und Prozessierungs-Technologien zur optischen 3D-Erfassung und -Analyse Piluca Caballo-Perucha von DIGITAL im ESA Reinraum bei der geometrischen Kalibration des ExoMars CLUPI Instruments L\u00f6sungen f\u00fcr die 3D-Datenprozessierung Wir bieten umfangreiche L\u00f6sungen in der 3D-Datenprozessierung optischer Instrumente, der Aufbereitung von 3D-Daten f\u00fcr die Visualisierung sowie die Weiterreichung und Ordnung von Meta-Daten der Instrumente [&hellip;]<\/p>\n","protected":false},"author":30,"featured_media":0,"parent":0,"menu_order":0,"comment_status":"closed","ping_status":"closed","template":"","meta":{"_acf_changed":false,"footnotes":""},"class_list":["post-18050","page","type-page","status-publish","hentry"],"acf":[],"_links":{"self":[{"href":"https:\/\/www.joanneum.at\/digital\/wp-json\/wp\/v2\/pages\/18050","targetHints":{"allow":["GET"]}}],"collection":[{"href":"https:\/\/www.joanneum.at\/digital\/wp-json\/wp\/v2\/pages"}],"about":[{"href":"https:\/\/www.joanneum.at\/digital\/wp-json\/wp\/v2\/types\/page"}],"author":[{"embeddable":true,"href":"https:\/\/www.joanneum.at\/digital\/wp-json\/wp\/v2\/users\/30"}],"replies":[{"embeddable":true,"href":"https:\/\/www.joanneum.at\/digital\/wp-json\/wp\/v2\/comments?post=18050"}],"version-history":[{"count":8,"href":"https:\/\/www.joanneum.at\/digital\/wp-json\/wp\/v2\/pages\/18050\/revisions"}],"predecessor-version":[{"id":18740,"href":"https:\/\/www.joanneum.at\/digital\/wp-json\/wp\/v2\/pages\/18050\/revisions\/18740"}],"wp:attachment":[{"href":"https:\/\/www.joanneum.at\/digital\/wp-json\/wp\/v2\/media?parent=18050"}],"curies":[{"name":"wp","href":"https:\/\/api.w.org\/{rel}","templated":true}]}}