{"id":12408,"date":"2023-09-07T10:43:46","date_gmt":"2023-09-07T08:43:46","guid":{"rendered":"https:\/\/www.joanneum.at\/?page_id=12408"},"modified":"2024-04-17T15:50:58","modified_gmt":"2024-04-17T13:50:58","slug":"impressum","status":"publish","type":"page","link":"https:\/\/www.joanneum.at\/en\/impressum\/","title":{"rendered":"Credits"},"content":{"rendered":"<div data-elementor-type=\"wp-page\" data-elementor-id=\"12408\" class=\"elementor elementor-12408\" data-elementor-post-type=\"page\">\n\t\t\t\t<div class=\"elementor-element elementor-element-f9e706b idl-mb e-flex e-con-boxed e-con e-parent\" data-id=\"f9e706b\" data-element_type=\"container\" data-e-type=\"container\">\n\t\t\t\t\t<div class=\"e-con-inner\">\n\t\t<div class=\"elementor-element elementor-element-b919b30 e-con-full e-flex e-con e-child\" data-id=\"b919b30\" data-element_type=\"container\" data-e-type=\"container\">\n\t\t\t\t<div class=\"elementor-element elementor-element-26f3b4c elementor-widget elementor-widget-heading\" data-id=\"26f3b4c\" data-element_type=\"widget\" data-e-type=\"widget\" data-widget_type=\"heading.default\">\n\t\t\t\t<div class=\"elementor-widget-container\">\n\t\t\t\t\t<h1 class=\"elementor-heading-title elementor-size-default\">Credits<\/h1>\t\t\t\t<\/div>\n\t\t\t\t<\/div>\n\t\t\t\t<div class=\"elementor-element elementor-element-1ef6070 elementor-widget elementor-widget-text-editor\" data-id=\"1ef6070\" data-element_type=\"widget\" data-e-type=\"widget\" data-widget_type=\"text-editor.default\">\n\t\t\t\t<div class=\"elementor-widget-container\">\n\t\t\t\t\t\t\t\t\t<p>JOANNEUM RESEARCH Forschungsgesellschaft mbH<\/p><p>Leonhardstrasse 59<\/p><p>A-8010 Graz<\/p><p>Phone: +43 316 876-0<\/p><p>Fax: +43 316 8769-1181<\/p><p><a title=\"\u00d6ffnet ein Fenster zum Versenden einer E-Mail\" href=\"mailto:info@joanneum.at\">info@joanneum.at<\/a><\/p><p>Commercial register FN 48282 d Graz Regional Court for Civil Matters<\/p><p>UID number: ATU 28781306<\/p>\t\t\t\t\t\t\t\t<\/div>\n\t\t\t\t<\/div>\n\t\t\t\t<div class=\"elementor-element elementor-element-5692b01 elementor-widget elementor-widget-text-editor\" data-id=\"5692b01\" data-element_type=\"widget\" data-e-type=\"widget\" data-widget_type=\"text-editor.default\">\n\t\t\t\t<div class=\"elementor-widget-container\">\n\t\t\t\t\t\t\t\t\t<h3 data-pm-slice=\"1 1 []\"><strong>Design and technical implementation:<\/strong><\/h3>\n<p><a href=\"https:\/\/www.idlab.at\" target=\"_blank\" rel=\"noopener\">idlab media GmbH<\/a> \u2013 Agency for cross-media communication<\/p>\n<p><a href=\"https:\/\/www.loremipsum.at\/\" target=\"_blank\" rel=\"noopener\"><strong>lorem ipsum<\/strong> web.solutions GmbH<\/a><\/p><p><br><\/p>\n<h3><strong>Website content<\/strong><\/h3>\n<p>Presentation of JOANNEUM RESEARCH Forschungsgesellschaft mbH and its research projects.<\/p>\n<h3><strong>Liability<\/strong><\/h3>\n<p>All texts on this website have been carefully checked. Nevertheless, no liability can be accepted for the accuracy, completeness or currency of the information provided.<\/p>\n<h3><strong>Copyright<\/strong><\/h3>\n<p>All texts, graphics and images are protected by copyright; use is only permitted with express permission.<\/p>\n<h3><strong>Links<\/strong><\/h3>\n<p>Links to this website \u2013 including to pages deeper within the site \u2013 are welcome. However, the main window may not be incorporated into a frame set by the link provider.<\/p>\n<p>Links to external websites are merely references to these websites. The publisher does not identify with the content of the linked websites and accepts no liability for them. Should any of the linked websites contain questionable or illegal content, please notify us; in such cases, the link will be deleted immediately.<\/p>\n<h3><strong>Data protection<\/strong><\/h3>\n<p>Further information on data protection can be found at&nbsp;<a href=\"https:\/\/www.joanneum.at\/en\/datenschutz\/\">Data protection information<\/a>.<\/p>\t\t\t\t\t\t\t\t<\/div>\n\t\t\t\t<\/div>\n\t\t\t\t<\/div>\n\t\t\t\t\t<\/div>\n\t\t\t\t<\/div>\n\t\t\t\t<\/div>","protected":false},"excerpt":{"rendered":"<p>Impressum JOANNEUM RESEARCH Forschungsgesellschaft mbH Leonhardstra\u00dfe 59 A-8010 Graz Tel.: +43 316 876-0 Fax: +43 316 8769-1181 info@joanneum.at Firmenbuch FN 48282 d Landesgericht f\u00fcr Zivilrechtssachen Graz UID-Nummer: ATU 28781306 Design und technische Umsetzung: idlab media GmbH &#8211; Agentur f\u00fcr cross-media communication lorem ipsum web.solutions GmbH Inhalt der Website Pr\u00e4sentation der JOANNEUM RESEARCH Forschungsgesellschaft mbH und [&hellip;]<\/p>\n","protected":false},"author":14,"featured_media":0,"parent":0,"menu_order":0,"comment_status":"closed","ping_status":"closed","template":"","meta":{"_acf_changed":false,"footnotes":""},"class_list":["post-12408","page","type-page","status-publish","hentry"],"acf":[],"_links":{"self":[{"href":"https:\/\/www.joanneum.at\/en\/wp-json\/wp\/v2\/pages\/12408","targetHints":{"allow":["GET"]}}],"collection":[{"href":"https:\/\/www.joanneum.at\/en\/wp-json\/wp\/v2\/pages"}],"about":[{"href":"https:\/\/www.joanneum.at\/en\/wp-json\/wp\/v2\/types\/page"}],"author":[{"embeddable":true,"href":"https:\/\/www.joanneum.at\/en\/wp-json\/wp\/v2\/users\/14"}],"replies":[{"embeddable":true,"href":"https:\/\/www.joanneum.at\/en\/wp-json\/wp\/v2\/comments?post=12408"}],"version-history":[{"count":7,"href":"https:\/\/www.joanneum.at\/en\/wp-json\/wp\/v2\/pages\/12408\/revisions"}],"predecessor-version":[{"id":49069,"href":"https:\/\/www.joanneum.at\/en\/wp-json\/wp\/v2\/pages\/12408\/revisions\/49069"}],"wp:attachment":[{"href":"https:\/\/www.joanneum.at\/en\/wp-json\/wp\/v2\/media?parent=12408"}],"curies":[{"name":"wp","href":"https:\/\/api.w.org\/{rel}","templated":true}]}}