{"id":13659,"date":"2023-09-19T16:45:33","date_gmt":"2023-09-19T14:45:33","guid":{"rendered":"https:\/\/www.joanneum.at\/?page_id=13659"},"modified":"2024-04-29T09:57:37","modified_gmt":"2024-04-29T07:57:37","slug":"stellenmarkt-uebersicht","status":"publish","type":"page","link":"https:\/\/www.joanneum.at\/en\/karriere\/stellenmarkt-uebersicht\/","title":{"rendered":"Jobs"},"content":{"rendered":"<div data-elementor-type=\"wp-page\" data-elementor-id=\"13659\" class=\"elementor elementor-13659\" data-elementor-post-type=\"page\">\n\t\t\t\t<div class=\"elementor-element elementor-element-c8fc087 idl-ec-wr e-flex e-con-boxed e-con e-parent\" data-id=\"c8fc087\" data-element_type=\"container\" data-e-type=\"container\">\n\t\t\t\t\t<div class=\"e-con-inner\">\n\t\t<div class=\"elementor-element elementor-element-557e4e8 e-con-full JR-intro e-flex e-con e-child\" data-id=\"557e4e8\" data-element_type=\"container\" data-e-type=\"container\">\n\t\t<div class=\"elementor-element elementor-element-0ddd912 e-con-full e-flex e-con e-child\" data-id=\"0ddd912\" data-element_type=\"container\" data-e-type=\"container\">\n\t\t\t\t<div class=\"elementor-element elementor-element-01329ab li-insitituts-taxonomy elementor-widget elementor-widget-heading\" data-id=\"01329ab\" data-element_type=\"widget\" data-e-type=\"widget\" data-widget_type=\"heading.default\">\n\t\t\t\t<div class=\"elementor-widget-container\">\n\t\t\t\t\t<div class=\"elementor-heading-title elementor-size-default\">job market&nbsp;<\/div>\t\t\t\t<\/div>\n\t\t\t\t<\/div>\n\t\t\t\t<div class=\"elementor-element elementor-element-fba017e elementor-widget elementor-widget-heading\" data-id=\"fba017e\" data-element_type=\"widget\" data-e-type=\"widget\" data-widget_type=\"heading.default\">\n\t\t\t\t<div class=\"elementor-widget-container\">\n\t\t\t\t\t<div class=\"elementor-heading-title elementor-size-default\">Overview<\/div>\t\t\t\t<\/div>\n\t\t\t\t<\/div>\n\t\t\t\t<\/div>\n\t\t\t\t<div class=\"elementor-element elementor-element-74c08b1 elementor-widget elementor-widget-heading\" data-id=\"74c08b1\" data-element_type=\"widget\" data-e-type=\"widget\" data-widget_type=\"heading.default\">\n\t\t\t\t<div class=\"elementor-widget-container\">\n\t\t\t\t\t<h1 class=\"elementor-heading-title elementor-size-default translation-block\">Your career at<br>\nJOANNEUM RESEARCH<\/h1>\t\t\t\t<\/div>\n\t\t\t\t<\/div>\n\t\t\t\t<div class=\"elementor-element elementor-element-e3d03cd elementor-widget elementor-widget-text-editor\" data-id=\"e3d03cd\" data-element_type=\"widget\" data-e-type=\"widget\" data-widget_type=\"text-editor.default\">\n\t\t\t\t<div class=\"elementor-widget-container\">\n\t\t\t\t\t\t\t\t\t<p>Join our team and apply now. We develop solutions and technologies for business and industry in a wide range of sectors and conduct cutting-edge research at an international level.<\/p><p>We offer an innovative environment and creative freedom as well as the opportunity to realise your own ideas. With us, there is room for individual career paths, flexible working hours and training and development opportunities await you.\n<br>\n<br>\n<strong>For some of our open positions, German language skills at C1 level are required. These job openings can be found on our German website \u2014 if you are interested, please switch to the German version.<\/strong>\u00a0<\/p>\t\t\t\t\t\t\t\t<\/div>\n\t\t\t\t<\/div>\n\t\t\t\t<\/div>\n\t\t\t\t\t<\/div>\n\t\t\t\t<\/div>\n\t\t<div class=\"elementor-element elementor-element-615dcaa e-flex e-con-boxed e-con e-parent\" data-id=\"615dcaa\" data-element_type=\"container\" data-e-type=\"container\">\n\t\t\t\t\t<div class=\"e-con-inner\">\n\t\t<div class=\"elementor-element elementor-element-b379527 e-con-full e-flex e-con e-child\" data-id=\"b379527\" data-element_type=\"container\" data-e-type=\"container\">\n\t\t\t\t<div class=\"elementor-element elementor-element-a2cf1a4 elementor-widget elementor-widget-li-widgets--muqe_grid\" data-id=\"a2cf1a4\" data-element_type=\"widget\" data-e-type=\"widget\" data-settings=\"{&quot;columns&quot;:&quot;3&quot;,&quot;columns_tablet&quot;:&quot;2&quot;,&quot;columns_mobile&quot;:&quot;1&quot;}\" data-widget_type=\"li-widgets--muqe_grid.default\">\n\t\t\t\t<div class=\"elementor-widget-container\">\n\t\t\t\t\t<div class=\"li-widgets--muqe\">\n    <div class=\"li-widgets--muqe-filters\">\n            <\/div>\n    <div class=\"li-widgets--muqe-job-filters\">\n            <div class=\"li-widgets--muqe-filters\">\n        <form class=\"li-widgets--muqe-filters__form li-widgets--muqe-job-filters__form\" action=\"\">\n                            <select name=\"filter-dienstort\" class=\"li-widgets--muqe-filters__filter\">\n                    <option value=\"all\">Location: All<\/option>\n                                            <option data-name=\"graz\" value=\"Graz\"\n                                                    >Graz<\/option>\n                                            <option data-name=\"graz|klagenfurt\" value=\"Graz|Klagenfurt\"\n                                                    >Graz | Klagenfurt<\/option>\n                                    <\/select>\n                            <select name=\"filter-beschaeftigungsart\" class=\"li-widgets--muqe-filters__filter\">\n                    <option value=\"all\">Employment type: All<\/option>\n                                            <option data-name=\"vollzeit\" value=\"Vollzeit\"\n                                                    >Full time<\/option>\n                                    <\/select>\n                            <select name=\"filter-organisationseinheit\" class=\"li-widgets--muqe-filters__filter\">\n                    <option value=\"all\">organisational unit: All<\/option>\n                                            <option data-name=\"allgemein\" value=\"Allgemein\"\n                                                    >General<\/option>\n                                            <option data-name=\"life\" value=\"Life\"\n                                                    >Life<\/option>\n                                    <\/select>\n                            <select name=\"filter-job-kategorie\" class=\"li-widgets--muqe-filters__filter\">\n                    <option value=\"all\">job category: all<\/option>\n                                            <option data-name=\"allgemein\" value=\"Allgemein\"\n                                                    >General<\/option>\n                                            <option data-name=\"technisch\" value=\"Technisch\"\n                                                    >Technisch<\/option>\n                                            <option data-name=\"wissenschaftlich\" value=\"Wissenschaftlich\"\n                                                    >Scientific<\/option>\n                                    <\/select>\n                        <div class=\"button-wrapper-filters\">\n                <div class=\"li-widgets--muqe-filters__search\">\n                    <button type=\"submit\" name=\"search\" value=\"\"><img decoding=\"async\"\n                                src=\"https:\/\/www.joanneum.at\/wp-content\/themes\/445-joanneum-research-WP-Theme\/assets\/img\/theme\/magnifying-glass.png\"\n                                alt=\"search\"\n                                width=\"30\"><\/button>\n                <\/div>\n                <div class=\"li-widgets--muqe-filters__reset hide\">\n                    <button class=\"bg-transparent reset-filter\" type=\"reset\" width=\"30\" name=\"reset\" value=\"\">X<\/button>\n                <\/div>\n            <\/div>\n        <input type=\"hidden\" name=\"trp-form-language\" value=\"en\"\/><\/form>\n    <\/div>\n    <\/div>\n        <div class=\"li-widgets--muqe-grid\">\n                       <div class=\"li-widgets--muqe-grid_item\"> <div class=\"li-jobs-template post-id-109394\">\n    <div class=\"li-jobs-template--wrapper li-muqe-card li-shadow\">\n        <div class=\"li-jobs-template--top\">\n            <div class=\"li-jobs-template--institute\">\n                <span>Life<\/span>\n            <\/div>\n            <div class=\"li-jobs-template--heading\">\n                <h3 class=\"li-muqe-template-universal-heading\">Scientific research in the field of mobility modelling\/mobility research<\/h3>\n            <\/div>\n        <\/div>\n        <div class=\"li-jobs-template--bot-section\">\n            <div class=\"li-jobs-template--details\">\n                <div class=\"li-jobs-template--date\">\n                    <svg id=\"uuid-00d1d69f-4f12-4bac-88dd-d11318ffe38d\" xmlns=\"http:\/\/www.w3.org\/2000\/svg\" viewbox=\"0 0 244.6 244.6\">\n                        <g id=\"uuid-6951884b-ad99-4ae0-be1b-2994f6883a89\">\n                            <g id=\"uuid-9a1e0532-76d6-499d-a034-e0a3250e7e31\">\n                                <path id=\"uuid-6effc613-f2b5-429d-bf8a-0e87af6f16fb\"\n                                      d=\"m149.2,182.3c0,3.8-3.1,6.8-6.8,6.8h-45c-3.8,0-6.8-3.1-6.8-6.8s3.1-6.8,6.8-6.8h18.2v-54.5l-13.9,11.2c-1.4,1.1-3.2,1.7-5,1.4-1.8-.2-3.4-1.1-4.6-2.5-2.3-3-1.9-7.2,1.1-9.6l16.9-13.5c2.1-1.7,4.7-2.6,7.4-2.6,6.5,0,11.8,5.3,11.8,11.8h0v58.2h13.1c3.8,0,6.8,3,6.9,6.7,0,0,0,0,0,0Z\"\n                                      stroke=\"#272725\"\/>\n                                <path id=\"uuid-88f46f2b-1b63-45c6-ae89-c066e8918059\"\n                                      d=\"m227.3,20.5h-33.2V7.3c0-3.8-3.1-6.8-6.8-6.8s-6.8,3.1-6.8,6.8v13.2h-116.3V7.3c0-3.8-3.1-6.8-6.8-6.8s-6.8,3.1-6.8,6.8h0v13.2H17.3c-9.3,0-16.8,7.5-16.8,16.8v190c0,9.3,7.5,16.8,16.8,16.8h210c9.3,0,16.8-7.5,16.8-16.8V37.3c0-9.3-7.5-16.8-16.8-16.8Zm3.2,206.8c0,1.7-1.4,3.2-3.2,3.2H17.3c-1.7,0-3.2-1.4-3.2-3.2V84.1h216.3v143.2Zm0-156.8H14.2v-33.2c0-1.7,1.4-3.1,3.1-3.1h33.2v23.1c0,3.8,3.1,6.8,6.8,6.8s6.8-3.1,6.8-6.8v-23.1h116.3v23.1c0,3.8,3.1,6.8,6.8,6.8s6.8-3.1,6.8-6.8v-23.1h33.2c1.7,0,3.2,1.4,3.2,3.1,0,0,0,0,0,0v33.2Z\"\n                                      stroke=\"#272725\"\/>\n                            <\/g>\n                        <\/g>\n                    <\/svg>\n                    <span> 1.5.2026 bzw. zum ehestm\u00f6glichen Zeitpunkt <\/span>\n                <\/div>\n                <div class=\"li-jobs-template--time\">\n                    <svg id=\"uuid-9442a9ad-d226-44d1-abae-aa194973ebba\" xmlns=\"http:\/\/www.w3.org\/2000\/svg\" viewbox=\"0 0 205 205\">\n                        <g id=\"uuid-c9d9f593-1c2d-43fd-a2fe-4846c288e48f\">\n                            <g id=\"uuid-528cef41-db99-425f-8779-1620622e57aa\">\n                                <path id=\"uuid-1a3d84a9-7917-40fa-be15-ade13dc7ca00\"\n                                      d=\"m102.1.5C45.8.7.3,46.5.5,102.9c.2,56.3,46,101.8,102.4,101.6,56.2-.2,101.6-45.8,101.6-101.9C204.3,46.1,158.5.5,102.1.5Zm82.5,143.9l-9.1-5.2c-2.3-1.3-5.3-.5-6.6,1.8s-.5,5.3,1.8,6.6l9,5.2c-7.1,10.8-16.3,20.1-27.2,27.1l-5.2-9c-.7-1.1-1.8-2-3.1-2.3-1.2-.3-2.5-.1-3.6.5-1.1.6-2,1.7-2.3,2.9-.3,1.2-.1,2.5.5,3.6l5.3,9.1c-11.5,5.9-24.2,9.3-37.1,9.9v-10.4c-.1-2.7-2.4-4.8-5.1-4.7-2.5.1-4.6,2.1-4.7,4.7v10.4c-12.9-.6-25.6-4-37.2-9.9l5.2-9c1.4-2.2.6-5.1-1.6-6.5,0,0,0,0-.1,0-1.1-.7-2.4-.9-3.6-.6-1.3.3-2.4,1.1-3.1,2.3l-5.2,9c-10.9-7-20.1-16.2-27.1-27.1l9-5.2c1.1-.6,2-1.7,2.3-3,.3-1.2.2-2.6-.5-3.7-1.4-2.3-4.3-3-6.7-1.7l-9.1,5.2c-5.9-11.5-9.3-24.1-10-37h10.5c2.7.1,4.9-2,5-4.7.1-2.7-2-4.9-4.7-5-.1,0-.3,0-.4,0h-10.5c.7-12.9,4.1-25.5,10-37l9.1,5.3c.7.4,1.6.6,2.4.6,2.7,0,4.9-2.2,4.8-4.9,0-1.7-.9-3.3-2.4-4.2l-9-5.2c7-10.8,16.3-20.1,27.1-27.1l5.2,8.9c.8,1.6,2.5,2.5,4.2,2.5.8,0,1.7-.2,2.4-.6,1.2-.6,2-1.7,2.4-3,.3-1.3.1-2.6-.5-3.7l-5.2-9c11.5-5.9,24.2-9.3,37.2-9.9v10.4c-.1,2.7,2,5,4.7,5.1,2.7.1,5-2,5.1-4.7,0-.1,0-.3,0-.4v-10.5c12.9.7,25.6,4,37.1,10l-5.3,9.1c-.6,1.1-.8,2.5-.5,3.7.3,1.2,1.2,2.3,2.3,2.9,2.3,1.3,5.3.5,6.7-1.8l5.2-9c10.9,7,20.1,16.2,27.2,27.1l-9.1,5.2c-2.3,1.4-3.1,4.3-1.7,6.6.9,1.5,2.5,2.4,4.3,2.4.8,0,1.7-.2,2.4-.6l9.1-5.3c5.9,11.5,9.3,24.1,10,37h-10.5c-2.7,0-4.9,2.2-4.9,4.9h0c0,2.6,2.1,4.8,4.8,4.8,0,0,0,0,.1,0h10.5c-.7,12.9-4.1,25.5-10,37h0Z\"\n                                      stroke=\"#272725\"\/>\n                                <path id=\"uuid-ebc0cdf5-b527-4026-b29f-b1b764e649b9\"\n                                      d=\"m154.1,52.5c-.8-.8-1.9-1.3-3.1-1.4-1.3,0-2.5.5-3.4,1.3l-37.8,36.2c-1-.5-2.1-1-3.1-1.3v-36.4c.1-2.5-1.9-4.7-4.4-4.8-2.5-.1-4.7,1.9-4.8,4.4,0,.1,0,.3,0,.4h0v36.4c-8.3,2.6-12.9,11.4-10.3,19.7s11.4,12.9,19.7,10.3c6.5-2.1,11-8.1,11-14.9,0-2.5-.6-5-1.8-7.2l37.9-36.4c1.8-1.8,1.8-4.7,0-6.5h0Zm-52,56.6c-3.7,0-6.7-2.9-6.7-6.6h0c0-3.7,3-6.7,6.7-6.7,3.7,0,6.6,2.9,6.7,6.6,0,0,0,0,0,0,0,3.6-2.9,6.6-6.5,6.6,0,0,0,0-.1,0h0Z\"\n                                      stroke=\"#272725\"\/>\n                            <\/g>\n                        <\/g>\n                    <\/svg>\n                    <span> Full time<\/span>\n                <\/div>\n                <div class=\"li-jobs-template--location\">\n                    <svg xmlns=\"http:\/\/www.w3.org\/2000\/svg\" viewbox=\"0 0 384 512\">\n                        <path d=\"M215.7 499.2C267 435 384 279.4 384 192C384 86 298 0 192 0S0 86 0 192c0 87.4 117 243 168.3 307.2c12.3 15.3 35.1 15.3 47.4 0zM192 128a64 64 0 1 1 0 128 64 64 0 1 1 0-128z\"\/>\n                    <\/svg>\n                    <span>Graz | Klagenfurt<\/span>\n                <\/div>\n            <\/div>\n            <div class=\"li-jobs-template--readmore li-muqe-flex-bottom-short li-muqe-flex-section\">\n                <a class=\"li-muqe-read-more\" alt=\"Scientific research in the field of mobility modelling\/mobility research\" href=\"https:\/\/www.joanneum.at\/en\/jobs\/scientific-research-in-the-field-of-mobility-modelling-mobility-research\/\">\n                    <i class=\"li-chevron li-chevron-right\"><\/i><span class=\"sr-only\">Scientific research in the field of mobility modelling\/mobility research<\/span>\n                <\/a>\n            <\/div>\n        <\/div>\n    <\/div>\n<\/div>\n\n  <\/div>                 <div class=\"li-widgets--muqe-grid_item\"> <div class=\"li-jobs-template post-id-109395\">\n    <div class=\"li-jobs-template--wrapper li-muqe-card li-shadow\">\n        <div class=\"li-jobs-template--top\">\n            <div class=\"li-jobs-template--institute\">\n                <span>General<\/span>\n            <\/div>\n            <div class=\"li-jobs-template--heading\">\n                <h3 class=\"li-muqe-template-universal-heading\">M365 - Administration<\/h3>\n            <\/div>\n        <\/div>\n        <div class=\"li-jobs-template--bot-section\">\n            <div class=\"li-jobs-template--details\">\n                <div class=\"li-jobs-template--date\">\n                    <svg id=\"uuid-00d1d69f-4f12-4bac-88dd-d11318ffe38d\" xmlns=\"http:\/\/www.w3.org\/2000\/svg\" viewbox=\"0 0 244.6 244.6\">\n                        <g id=\"uuid-6951884b-ad99-4ae0-be1b-2994f6883a89\">\n                            <g id=\"uuid-9a1e0532-76d6-499d-a034-e0a3250e7e31\">\n                                <path id=\"uuid-6effc613-f2b5-429d-bf8a-0e87af6f16fb\"\n                                      d=\"m149.2,182.3c0,3.8-3.1,6.8-6.8,6.8h-45c-3.8,0-6.8-3.1-6.8-6.8s3.1-6.8,6.8-6.8h18.2v-54.5l-13.9,11.2c-1.4,1.1-3.2,1.7-5,1.4-1.8-.2-3.4-1.1-4.6-2.5-2.3-3-1.9-7.2,1.1-9.6l16.9-13.5c2.1-1.7,4.7-2.6,7.4-2.6,6.5,0,11.8,5.3,11.8,11.8h0v58.2h13.1c3.8,0,6.8,3,6.9,6.7,0,0,0,0,0,0Z\"\n                                      stroke=\"#272725\"\/>\n                                <path id=\"uuid-88f46f2b-1b63-45c6-ae89-c066e8918059\"\n                                      d=\"m227.3,20.5h-33.2V7.3c0-3.8-3.1-6.8-6.8-6.8s-6.8,3.1-6.8,6.8v13.2h-116.3V7.3c0-3.8-3.1-6.8-6.8-6.8s-6.8,3.1-6.8,6.8h0v13.2H17.3c-9.3,0-16.8,7.5-16.8,16.8v190c0,9.3,7.5,16.8,16.8,16.8h210c9.3,0,16.8-7.5,16.8-16.8V37.3c0-9.3-7.5-16.8-16.8-16.8Zm3.2,206.8c0,1.7-1.4,3.2-3.2,3.2H17.3c-1.7,0-3.2-1.4-3.2-3.2V84.1h216.3v143.2Zm0-156.8H14.2v-33.2c0-1.7,1.4-3.1,3.1-3.1h33.2v23.1c0,3.8,3.1,6.8,6.8,6.8s6.8-3.1,6.8-6.8v-23.1h116.3v23.1c0,3.8,3.1,6.8,6.8,6.8s6.8-3.1,6.8-6.8v-23.1h33.2c1.7,0,3.2,1.4,3.2,3.1,0,0,0,0,0,0v33.2Z\"\n                                      stroke=\"#272725\"\/>\n                            <\/g>\n                        <\/g>\n                    <\/svg>\n                    <span> Starting immediately <\/span>\n                <\/div>\n                <div class=\"li-jobs-template--time\">\n                    <svg id=\"uuid-9442a9ad-d226-44d1-abae-aa194973ebba\" xmlns=\"http:\/\/www.w3.org\/2000\/svg\" viewbox=\"0 0 205 205\">\n                        <g id=\"uuid-c9d9f593-1c2d-43fd-a2fe-4846c288e48f\">\n                            <g id=\"uuid-528cef41-db99-425f-8779-1620622e57aa\">\n                                <path id=\"uuid-1a3d84a9-7917-40fa-be15-ade13dc7ca00\"\n                                      d=\"m102.1.5C45.8.7.3,46.5.5,102.9c.2,56.3,46,101.8,102.4,101.6,56.2-.2,101.6-45.8,101.6-101.9C204.3,46.1,158.5.5,102.1.5Zm82.5,143.9l-9.1-5.2c-2.3-1.3-5.3-.5-6.6,1.8s-.5,5.3,1.8,6.6l9,5.2c-7.1,10.8-16.3,20.1-27.2,27.1l-5.2-9c-.7-1.1-1.8-2-3.1-2.3-1.2-.3-2.5-.1-3.6.5-1.1.6-2,1.7-2.3,2.9-.3,1.2-.1,2.5.5,3.6l5.3,9.1c-11.5,5.9-24.2,9.3-37.1,9.9v-10.4c-.1-2.7-2.4-4.8-5.1-4.7-2.5.1-4.6,2.1-4.7,4.7v10.4c-12.9-.6-25.6-4-37.2-9.9l5.2-9c1.4-2.2.6-5.1-1.6-6.5,0,0,0,0-.1,0-1.1-.7-2.4-.9-3.6-.6-1.3.3-2.4,1.1-3.1,2.3l-5.2,9c-10.9-7-20.1-16.2-27.1-27.1l9-5.2c1.1-.6,2-1.7,2.3-3,.3-1.2.2-2.6-.5-3.7-1.4-2.3-4.3-3-6.7-1.7l-9.1,5.2c-5.9-11.5-9.3-24.1-10-37h10.5c2.7.1,4.9-2,5-4.7.1-2.7-2-4.9-4.7-5-.1,0-.3,0-.4,0h-10.5c.7-12.9,4.1-25.5,10-37l9.1,5.3c.7.4,1.6.6,2.4.6,2.7,0,4.9-2.2,4.8-4.9,0-1.7-.9-3.3-2.4-4.2l-9-5.2c7-10.8,16.3-20.1,27.1-27.1l5.2,8.9c.8,1.6,2.5,2.5,4.2,2.5.8,0,1.7-.2,2.4-.6,1.2-.6,2-1.7,2.4-3,.3-1.3.1-2.6-.5-3.7l-5.2-9c11.5-5.9,24.2-9.3,37.2-9.9v10.4c-.1,2.7,2,5,4.7,5.1,2.7.1,5-2,5.1-4.7,0-.1,0-.3,0-.4v-10.5c12.9.7,25.6,4,37.1,10l-5.3,9.1c-.6,1.1-.8,2.5-.5,3.7.3,1.2,1.2,2.3,2.3,2.9,2.3,1.3,5.3.5,6.7-1.8l5.2-9c10.9,7,20.1,16.2,27.2,27.1l-9.1,5.2c-2.3,1.4-3.1,4.3-1.7,6.6.9,1.5,2.5,2.4,4.3,2.4.8,0,1.7-.2,2.4-.6l9.1-5.3c5.9,11.5,9.3,24.1,10,37h-10.5c-2.7,0-4.9,2.2-4.9,4.9h0c0,2.6,2.1,4.8,4.8,4.8,0,0,0,0,.1,0h10.5c-.7,12.9-4.1,25.5-10,37h0Z\"\n                                      stroke=\"#272725\"\/>\n                                <path id=\"uuid-ebc0cdf5-b527-4026-b29f-b1b764e649b9\"\n                                      d=\"m154.1,52.5c-.8-.8-1.9-1.3-3.1-1.4-1.3,0-2.5.5-3.4,1.3l-37.8,36.2c-1-.5-2.1-1-3.1-1.3v-36.4c.1-2.5-1.9-4.7-4.4-4.8-2.5-.1-4.7,1.9-4.8,4.4,0,.1,0,.3,0,.4h0v36.4c-8.3,2.6-12.9,11.4-10.3,19.7s11.4,12.9,19.7,10.3c6.5-2.1,11-8.1,11-14.9,0-2.5-.6-5-1.8-7.2l37.9-36.4c1.8-1.8,1.8-4.7,0-6.5h0Zm-52,56.6c-3.7,0-6.7-2.9-6.7-6.6h0c0-3.7,3-6.7,6.7-6.7,3.7,0,6.6,2.9,6.7,6.6,0,0,0,0,0,0,0,3.6-2.9,6.6-6.5,6.6,0,0,0,0-.1,0h0Z\"\n                                      stroke=\"#272725\"\/>\n                            <\/g>\n                        <\/g>\n                    <\/svg>\n                    <span> Full time<\/span>\n                <\/div>\n                <div class=\"li-jobs-template--location\">\n                    <svg xmlns=\"http:\/\/www.w3.org\/2000\/svg\" viewbox=\"0 0 384 512\">\n                        <path d=\"M215.7 499.2C267 435 384 279.4 384 192C384 86 298 0 192 0S0 86 0 192c0 87.4 117 243 168.3 307.2c12.3 15.3 35.1 15.3 47.4 0zM192 128a64 64 0 1 1 0 128 64 64 0 1 1 0-128z\"\/>\n                    <\/svg>\n                    <span>Graz<\/span>\n                <\/div>\n            <\/div>\n            <div class=\"li-jobs-template--readmore li-muqe-flex-bottom-short li-muqe-flex-section\">\n                <a class=\"li-muqe-read-more\" alt=\"M365 - Administration\" href=\"https:\/\/www.joanneum.at\/en\/jobs\/m365-administration-2\/\">\n                    <i class=\"li-chevron li-chevron-right\"><\/i><span class=\"sr-only\">M365 - Administration<\/span>\n                <\/a>\n            <\/div>\n        <\/div>\n    <\/div>\n<\/div>\n\n  <\/div>     <\/div>\n<\/div>\n\t\t\t\t<\/div>\n\t\t\t\t<\/div>\n\t\t\t\t<\/div>\n\t\t\t\t\t<\/div>\n\t\t\t\t<\/div>\n\t\t<div class=\"elementor-element elementor-element-7f2712b e-flex e-con-boxed e-con e-parent\" data-id=\"7f2712b\" data-element_type=\"container\" data-e-type=\"container\" data-settings=\"{&quot;background_background&quot;:&quot;classic&quot;}\">\n\t\t\t\t\t<div class=\"e-con-inner\">\n\t\t<div class=\"elementor-element elementor-element-fe8f14f e-con-full e-flex e-con e-child\" data-id=\"fe8f14f\" data-element_type=\"container\" data-e-type=\"container\">\n\t\t\t\t<div class=\"elementor-element elementor-element-8436420 elementor-widget elementor-widget-heading\" data-id=\"8436420\" data-element_type=\"widget\" data-e-type=\"widget\" data-widget_type=\"heading.default\">\n\t\t\t\t<div class=\"elementor-widget-container\">\n\t\t\t\t\t<div class=\"elementor-heading-title elementor-size-default\">Join our Team<\/div>\t\t\t\t<\/div>\n\t\t\t\t<\/div>\n\t\t\t\t<div class=\"elementor-element elementor-element-756ece1 elementor-widget elementor-widget-heading\" data-id=\"756ece1\" data-element_type=\"widget\" data-e-type=\"widget\" data-widget_type=\"heading.default\">\n\t\t\t\t<div class=\"elementor-widget-container\">\n\t\t\t\t\t<div class=\"elementor-heading-title elementor-size-default\">Unsolicited applications<\/div>\t\t\t\t<\/div>\n\t\t\t\t<\/div>\n\t\t\t\t<div class=\"elementor-element elementor-element-6943653 elementor-widget__width-initial elementor-widget-mobile__width-inherit elementor-widget elementor-widget-text-editor\" data-id=\"6943653\" data-element_type=\"widget\" data-e-type=\"widget\" data-widget_type=\"text-editor.default\">\n\t\t\t\t<div class=\"elementor-widget-container\">\n\t\t\t\t\t\t\t\t\t<p>We\u2019re delighted that you\u2019re interested in starting a career with JOANNEUM RESEARCH. Please give us time to take a detailed look at your application and we\u2019ll get back to you as soon as we can.<\/p>\t\t\t\t\t\t\t\t<\/div>\n\t\t\t\t<\/div>\n\t\t\t\t<div class=\"elementor-element elementor-element-bdabf54 elementor-align-left idl-btn elementor-mobile-align-justify elementor-widget elementor-widget-button\" data-id=\"bdabf54\" data-element_type=\"widget\" data-e-type=\"widget\" data-widget_type=\"button.default\">\n\t\t\t\t<div class=\"elementor-widget-container\">\n\t\t\t\t\t\t\t\t\t<div class=\"elementor-button-wrapper\">\n\t\t\t\t\t<a class=\"elementor-button elementor-button-link elementor-size-sm\" href=\"https:\/\/jobs.joanneum.at\/Vacancies\/Choose\/InitiativeApplication\/9999?lang=eng\" target=\"_blank\" rel=\"noopener\">\n\t\t\t\t\t\t<span class=\"elementor-button-content-wrapper\">\n\t\t\t\t\t\t<span class=\"elementor-button-icon\">\n\t\t\t\t<svg xmlns=\"http:\/\/www.w3.org\/2000\/svg\" id=\"Ebene_1\" width=\"176.5032\" height=\"316.7049\" viewbox=\"0 0 176.5032 316.7049\"><defs><style>.cls-1{stroke-width:0px;}<\/style><\/defs><polygon class=\"cls-1\" points=\"19.3894 316.7054 2.4773 299.7933 142.6794 159.5912 -.0003 16.9125 16.9118 .0003 176.5036 159.5912 19.3894 316.7054\"><\/polygon><\/svg>\t\t\t<\/span>\n\t\t\t\t\t\t\t\t\t<span class=\"elementor-button-text\">Apply now<\/span>\n\t\t\t\t\t<\/span>\n\t\t\t\t\t<\/a>\n\t\t\t\t<\/div>\n\t\t\t\t\t\t\t\t<\/div>\n\t\t\t\t<\/div>\n\t\t\t\t<\/div>\n\t\t\t\t\t<\/div>\n\t\t\t\t<\/div>\n\t\t\t\t<\/div>","protected":false},"excerpt":{"rendered":"<p>Stellenmarkt&nbsp; &#8211;&nbsp; \u00dcbersicht Karriere bei JOANNEUM RESEARCH Werden Sie Teil unseres Teams und bewerben Sie sich jetzt. Wir entwickeln L\u00f6sungen und Technologien f\u00fcr Wirtschaft und Industrie in einem breiten Branchenspektrum und betreiben Spitzenforschung auf internationalem Niveau. Wir bieten ein innovatives Arbeitsumfeld mit Gestaltungsspielraum, individuellen Karrierewegen, flexiblen Arbeitszeiten und umfangreichen Fort- und Weiterbildungsm\u00f6glichkeiten.\u00a0 dienstort: AlleNiklasdorfGraz beschaeftigungsart: [&hellip;]<\/p>\n","protected":false},"author":15,"featured_media":0,"parent":2393,"menu_order":0,"comment_status":"closed","ping_status":"closed","template":"","meta":{"_acf_changed":false,"footnotes":""},"class_list":["post-13659","page","type-page","status-publish","hentry"],"acf":[],"_links":{"self":[{"href":"https:\/\/www.joanneum.at\/en\/wp-json\/wp\/v2\/pages\/13659","targetHints":{"allow":["GET"]}}],"collection":[{"href":"https:\/\/www.joanneum.at\/en\/wp-json\/wp\/v2\/pages"}],"about":[{"href":"https:\/\/www.joanneum.at\/en\/wp-json\/wp\/v2\/types\/page"}],"author":[{"embeddable":true,"href":"https:\/\/www.joanneum.at\/en\/wp-json\/wp\/v2\/users\/15"}],"replies":[{"embeddable":true,"href":"https:\/\/www.joanneum.at\/en\/wp-json\/wp\/v2\/comments?post=13659"}],"version-history":[{"count":7,"href":"https:\/\/www.joanneum.at\/en\/wp-json\/wp\/v2\/pages\/13659\/revisions"}],"predecessor-version":[{"id":51276,"href":"https:\/\/www.joanneum.at\/en\/wp-json\/wp\/v2\/pages\/13659\/revisions\/51276"}],"up":[{"embeddable":true,"href":"https:\/\/www.joanneum.at\/en\/wp-json\/wp\/v2\/pages\/2393"}],"wp:attachment":[{"href":"https:\/\/www.joanneum.at\/en\/wp-json\/wp\/v2\/media?parent=13659"}],"curies":[{"name":"wp","href":"https:\/\/api.w.org\/{rel}","templated":true}]}}