{"id":48302,"date":"2024-04-12T14:36:26","date_gmt":"2024-04-12T12:36:26","guid":{"rendered":"https:\/\/www.joanneum.at\/?page_id=48302"},"modified":"2026-01-29T15:04:09","modified_gmt":"2026-01-29T14:04:09","slug":"newsletter","status":"publish","type":"page","link":"https:\/\/www.joanneum.at\/en\/newsletter\/","title":{"rendered":"Newsletter"},"content":{"rendered":"\t\t<div data-elementor-type=\"wp-page\" data-elementor-id=\"48302\" class=\"elementor elementor-48302\" data-elementor-post-type=\"page\">\n\t\t\t\t<div class=\"elementor-element elementor-element-b29aa28 e-flex e-con-boxed e-con e-parent\" data-id=\"b29aa28\" data-element_type=\"container\" data-e-type=\"container\">\n\t\t\t\t\t<div class=\"e-con-inner\">\n\t\t<div class=\"elementor-element elementor-element-3d6fea0 e-con-full e-flex e-con e-child\" data-id=\"3d6fea0\" data-element_type=\"container\" data-e-type=\"container\">\n\t\t\t\t<div class=\"elementor-element elementor-element-b0ef4c0 elementor-widget elementor-widget-heading\" data-id=\"b0ef4c0\" data-element_type=\"widget\" data-e-type=\"widget\" data-widget_type=\"heading.default\">\n\t\t\t\t<div class=\"elementor-widget-container\">\n\t\t\t\t\t<h1 class=\"elementor-heading-title elementor-size-default\">SIE WOLLEN MEHR \u00dcBER DIE <br>JOANNEUM RESEARCH ERFAHREN?<\/h1>\t\t\t\t<\/div>\n\t\t\t\t<\/div>\n\t\t\t\t<div class=\"elementor-element elementor-element-0a143c3 elementor-widget__width-initial elementor-widget-tablet__width-inherit elementor-widget elementor-widget-text-editor\" data-id=\"0a143c3\" data-element_type=\"widget\" data-e-type=\"widget\" data-widget_type=\"text-editor.default\">\n\t\t\t\t<div class=\"elementor-widget-container\">\n\t\t\t\t\t\t\t\t\t<p>Es freut uns, dass Sie\u00a0sich f\u00fcr unsere Forschungsthemen interessieren\u00a0und mit uns in Kontakt treten m\u00f6chten.<\/p><p>Wir informieren Sie gerne regelm\u00e4\u00dfig \u00fcber unsere aktuellen Forschungst\u00e4tigkeiten und neueste Entwicklungen sowie \u00fcber Veranstaltungen.<\/p><p>Um Ihnen die gew\u00fcnschten Informationen zukommen lassen zu k\u00f6nnen, bitten wir Sie um Bekanntgabe nachfolgender Daten:<\/p><address>(* Pflichtfelder)<\/address>\t\t\t\t\t\t\t\t<\/div>\n\t\t\t\t<\/div>\n\t\t\t\t<\/div>\n\t\t\t\t\t<\/div>\n\t\t\t\t<\/div>\n\t\t<div class=\"elementor-element elementor-element-dadd4da e-flex e-con-boxed e-con e-parent\" data-id=\"dadd4da\" data-element_type=\"container\" data-e-type=\"container\" data-settings=\"{&quot;background_background&quot;:&quot;classic&quot;}\">\n\t\t\t\t\t<div class=\"e-con-inner\">\n\t\t<div class=\"elementor-element elementor-element-e6cb4b4 e-con-full e-flex e-con e-child\" data-id=\"e6cb4b4\" data-element_type=\"container\" data-e-type=\"container\" data-settings=\"{&quot;background_background&quot;:&quot;classic&quot;}\">\n\t\t\t\t<div class=\"elementor-element elementor-element-f5f6be5 elementor-widget elementor-widget-html\" data-id=\"f5f6be5\" data-element_type=\"widget\" data-e-type=\"widget\" data-widget_type=\"html.default\">\n\t\t\t\t<div class=\"elementor-widget-container\">\n\t\t\t\t\t<style>.idl-form .table {\r\n  display: flex;\r\n  flex-direction: row !important;\r\n}\r\n\r\n.idl-form .table-second table:first-of-type,\r\n.idl-form .table-second table:last-of-type{\r\n  width: 50%;\r\n}\r\n\r\n.idl-form tr{\r\n  display: flex;\r\n  flex-direction: column\r\n}\r\n\r\n.idl-form td{\r\n  border-width: 0px 0px 0px 0px;\r\n  border-radius: 0px 0px 0px 0px;\r\n  font-family: \"JR\", Sans-serif;\r\n  font-size: 16px;\r\n  font-weight: 400;\r\n  line-height: 30px;\r\n  padding: 5px 10px !important;\r\n  background-color: transparent !important;\r\n}\r\n\r\n.idl-form table{\r\n margin-bottom: 0 !important;\r\n}\r\n\r\n.idl-form {\r\n  background-color: transparent !important;\r\n}\r\n  \r\n.idl-form input,\r\n.idl-form select{\r\n  border-radius: 0 !important;;\r\n}\r\n\r\n.idl-form {\r\n  padding: 20px !important;\r\n}\r\n\r\n.idl-form .idl-text-under{\r\n  font-size: 16px !important;\r\n  padding-bottom: 20px !important;\r\n  display: flex;\r\n  align-items: start;\r\n  gap: 10px;\r\n}\r\n\r\n.idl-form .idl-form-button{\r\n  display: flex;\r\n}\r\n\r\n.idl-form .idl-form-button .button{\r\n  font-size: 18px !important;\r\n  width: 320px\r\n}\r\n\r\n.idl-text-required {\r\n  padding: 10px 20px !important;  \r\n  font-size: 12px !important;\r\n}\r\n\r\n@media (max-width: 768px){\r\n  .idl-form .table-second{\r\n    flex-wrap: wrap;\r\n  }\r\n  \r\n  .idl-form .table-second table{\r\n    width: 50%;\r\n  }\r\n  \r\n  .idl-form td{\r\n    font-size: 14px;\r\n  }\r\n  \r\n  .idl-form .idl-form-button .button{\r\n    font-size: 14px !important;\r\n    width: 100%;\r\n  }\r\n}\r\n\r\n@media (max-width: 520px){\r\n  .idl-form .table{\r\n    flex-direction: column !important;\r\n  }\r\n  \r\n  .idl-form .table-second table{\r\n    width: 100%;\r\n  }\r\n  \r\n  .idl-form{\r\n    padding: 0 !important;\r\n  }\r\n  \r\n   .idl-form td{\r\n    padding: 0 !important;\r\n  }\r\n  \r\n  .idl-form .table-second table:first-of-type,\r\n  .idl-form .table-second table:last-of-type{\r\n    width: 100%;\r\n  }\r\n  \r\n  .idl-form .idl-text-under{\r\n    font-size: 14px !important;\r\n    padding-bottom: 10px !important;\r\n  }\r\n  \r\n  \r\n\r\n}\r\n\r\n.svelte-ddsc3z {\r\n    font-size: 15px;\r\n  line-height: 15px;\r\n  margin: 0;\r\n}\r\n<\/style>\r\n\r\n\r\n<div class=\"ep-feedback alert alert-info\" style=\"display:none;\"><\/div>\r\n<form class=\"idl-form\" id=\"ep-form\" data-type=\"Form\" data-templatetype=\"Old\" name=\"ep-form\"\r\n  enctype=\"multipart\/form-data\" action=\"https:\/\/joanneum-research.eyepinnews.com\/subscribe\/1013301\" method=\"post\">\r\n\r\n  <div class=\"ep-feedback alert alert-info\" style=\"display:none;\"><\/div>\r\n\r\n  <table role=\"presentation\" cellspacing=\"0\" cellpadding=\"0\" border=\"0\" class=\"form_item_template_1 ep-formitem\"\r\n    id=\"FormItem_1280232\" data-formitemid=\"1280232\" data-type=\"NewsletterSignIn\">\r\n\r\n    <tr style=\"display:none;\">\r\n\r\n      <td valign=\"top\" class=\"text idl-text-anmeldung\">\r\n\r\n        <div class=\"mod_formitem_title\">\r\n          Newsletter Anmeldung\r\n\r\n        <\/div>\r\n\r\n        <div id=\"formitem-error-1280232\" class=\"ep-formitem-error\" style=\"display:none;\"><\/div>\r\n\r\n        <div class=\"text\">\r\n\r\n          <div>\r\n\r\n            <div class=\"clearfix\">\r\n              <input type=\"checkbox\" id=\"customer-1280232-1013301\" name=\"FormItem[1280232][customer][]\" value=\"1013301\"\r\n                style=\"float:left;\" data-type=\"NewsletterSignIn\">\r\n\r\n              <div class=\"ep-radio-checkbox-offset\">\r\n                <label for=\"customer-1280232-1013301\" style=\"font-weight:normal;\">Newsletter<\/label>\r\n\r\n              <\/div>\r\n\r\n            <\/div>\r\n\r\n          <\/div>\r\n\r\n        <\/div>\r\n\r\n      <\/td>\r\n\r\n    <\/tr>\r\n\r\n  <\/table>\r\n  <div class=\"table table-first\">\r\n    <table role=\"presentation\" cellspacing=\"0\" cellpadding=\"0\" border=\"0\"\r\n      class=\"form_item_template_3 form_item ep-formitem\" id=\"FormItem_1280238\" data-formitemid=\"1280238\"\r\n      data-type=\"Address\" data-addresstype=\"Salutation\">       \r\n\r\n      <tr>\r\n\r\n        <td class=\"title\">\r\n          <label class=\"mod_formitem_title\" for=\"formitem-1280238\" style=\"margin-bottom:0;\">Anrede<\/label> <span\r\n            class=\"text\">*<\/span>\r\n\r\n        <\/td>\r\n\r\n        <td class=\"text\">\r\n\r\n          <select class=\"feld\" name=\"FormItem[1280238]\" id=\"formitem-1280238\" size=\"1\" data-addresstype=\"Salutation\"\r\n            required=\"\" aria-required=\"true\">\r\n\r\n            <option value=\"\" selected=\"selected\">\r\n              --------------------\r\n\r\n            <\/option>\r\n\r\n            <option value=\"Herr\">\r\n              Herr\r\n\r\n            <\/option>\r\n\r\n            <option value=\"Frau\">\r\n              Frau\r\n\r\n            <\/option>\r\n\r\n          <\/select>\r\n\r\n          <div id=\"formitem-error-1280238\" class=\"ep-formitem-error\" style=\"display:none;\"><\/div>\r\n\r\n        <\/td>\r\n\r\n      <\/tr>\r\n\r\n    <\/table>\r\n\r\n    <table role=\"presentation\" cellspacing=\"0\" cellpadding=\"0\" border=\"0\"\r\n      class=\"form_item_template_3 form_item ep-formitem\" id=\"FormItem_1337361\" data-formitemid=\"1337361\"\r\n      data-type=\"Address\" data-addresstype=\"Textfield\">\r\n\r\n      <tr>\r\n\r\n        <td class=\"title\">\r\n          <label class=\"mod_formitem_title\" for=\"formitem-1337361\" style=\"margin-bottom:0;\">Amtstitel<\/label>\r\n        <\/td>\r\n\r\n        <td class=\"text\">\r\n          <input type=\"text\" class=\"feld\" name=\"FormItem[1337361]\" id=\"formitem-1337361\" size=\"40\" value=\"\"\r\n            data-addresstype=\"Textfield\">\r\n\r\n          <div id=\"formitem-error-1337361\" class=\"ep-formitem-error\" style=\"display:none;\"><\/div>\r\n\r\n        <\/td>\r\n\r\n      <\/tr>\r\n\r\n    <\/table>\r\n  <\/div>\r\n  <div class=\"table table-second\">\r\n    <table role=\"presentation\" cellspacing=\"0\" cellpadding=\"0\" border=\"0\"\r\n      class=\"form_item_template_3 form_item ep-formitem\" id=\"FormItem_1337325\" data-formitemid=\"1337325\"\r\n      data-type=\"Address\" data-addresstype=\"Textfield\">\r\n\r\n      <tr>\r\n\r\n        <td class=\"title\">\r\n          <label class=\"mod_formitem_title\" for=\"formitem-1337325\" style=\"margin-bottom:0;\">Titel vor<\/label>\r\n\r\n        <\/td>\r\n\r\n        <td class=\"text\">\r\n          <input type=\"text\" class=\"feld\" name=\"FormItem[1337325]\" id=\"formitem-1337325\" size=\"40\" value=\"\"\r\n            data-addresstype=\"Textfield\">\r\n\r\n          <div id=\"formitem-error-1337325\" class=\"ep-formitem-error\" style=\"display:none;\"><\/div>\r\n\r\n        <\/td>\r\n\r\n      <\/tr>\r\n\r\n    <\/table>\r\n\r\n    <table role=\"presentation\" cellspacing=\"0\" cellpadding=\"0\" border=\"0\"\r\n      class=\"form_item_template_3 form_item ep-formitem\" id=\"FormItem_1280241\" data-formitemid=\"1280241\"\r\n      data-type=\"Address\" data-addresstype=\"Textfield\">\r\n\r\n      <tr>\r\n\r\n        <td class=\"title\">\r\n          <label class=\"mod_formitem_title\" for=\"formitem-1280241\" style=\"margin-bottom:0;\">Vorname<\/label> <span\r\n            class=\"text\">*<\/span>\r\n        <\/td>\r\n\r\n        <td class=\"text\">\r\n          <input type=\"text\" class=\"feld\" name=\"FormItem[1280241]\" id=\"formitem-1280241\" size=\"40\" value=\"\"\r\n            data-addresstype=\"Textfield\" required=\"\" aria-required=\"true\">\r\n\r\n          <div id=\"formitem-error-1280241\" class=\"ep-formitem-error\" style=\"display:none;\"><\/div>\r\n\r\n        <\/td>\r\n\r\n      <\/tr>\r\n\r\n    <\/table>\r\n\r\n    <table role=\"presentation\" cellspacing=\"0\" cellpadding=\"0\" border=\"0\"\r\n      class=\"form_item_template_3 form_item ep-formitem\" id=\"FormItem_1280244\" data-formitemid=\"1280244\"\r\n      data-type=\"Address\" data-addresstype=\"Textfield\">\r\n\r\n      <tr>\r\n\r\n        <td class=\"title\">\r\n          <label class=\"mod_formitem_title\" for=\"formitem-1280244\" style=\"margin-bottom:0;\">Nachname<\/label> <span\r\n            class=\"text\">*<\/span>\r\n        <\/td>\r\n\r\n        <td class=\"text\">\r\n          <input type=\"text\" class=\"feld\" name=\"FormItem[1280244]\" id=\"formitem-1280244\" size=\"40\" value=\"\"\r\n            data-addresstype=\"Textfield\" required=\"\" aria-required=\"true\">\r\n\r\n          <div id=\"formitem-error-1280244\" class=\"ep-formitem-error\" style=\"display:none;\"><\/div>\r\n\r\n        <\/td>\r\n\r\n      <\/tr>\r\n\r\n    <\/table>\r\n\r\n    <table role=\"presentation\" cellspacing=\"0\" cellpadding=\"0\" border=\"0\"\r\n      class=\"form_item_template_3 form_item ep-formitem\" id=\"FormItem_1337334\" data-formitemid=\"1337334\"\r\n      data-type=\"Address\" data-addresstype=\"Textfield\">\r\n\r\n      <tr>\r\n\r\n        <td class=\"title\">\r\n          <label class=\"mod_formitem_title\" for=\"formitem-1337334\" style=\"margin-bottom:0;\">Titel nach<\/label>\r\n\r\n        <\/td>\r\n        <td class=\"text\">\r\n          <input type=\"text\" class=\"feld\" name=\"FormItem[1337334]\" id=\"formitem-1337334\" size=\"40\" value=\"\"\r\n            data-addresstype=\"Textfield\">\r\n\r\n          <div id=\"formitem-error-1337334\" class=\"ep-formitem-error\" style=\"display:none;\"><\/div>\r\n\r\n        <\/td>\r\n\r\n      <\/tr>\r\n\r\n    <\/table>\r\n  <\/div>\r\n  <div class=\"table table-third\">\r\n    <table role=\"presentation\" cellspacing=\"0\" cellpadding=\"0\" border=\"0\"\r\n      class=\"form_item_template_3 form_item ep-formitem\" id=\"FormItem_1280235\" data-formitemid=\"1280235\"\r\n      data-type=\"Address\" data-addresstype=\"Textfield\">\r\n\r\n      <tr>\r\n\r\n        <td class=\"title\">\r\n          <label class=\"mod_formitem_title\" for=\"formitem-1280235\" style=\"margin-bottom:0;\">E-Mail<\/label> <span\r\n            class=\"text\">*<\/span>\r\n\r\n        <\/td>\r\n\r\n        <td class=\"text\">\r\n          <input type=\"text\" class=\"feld\" name=\"FormItem[1280235]\" id=\"formitem-1280235\" size=\"40\" value=\"\"\r\n            data-addresstype=\"Textfield\" required=\"\" aria-required=\"true\">\r\n\r\n          <div id=\"formitem-error-1280235\" class=\"ep-formitem-error\" style=\"display:none;\"><\/div>\r\n\r\n        <\/td>\r\n\r\n      <\/tr>\r\n\r\n    <\/table>\r\n\r\n    <table role=\"presentation\" cellspacing=\"0\" cellpadding=\"0\" border=\"0\"\r\n      class=\"form_item_template_3 form_item ep-formitem\" id=\"FormItem_1337337\" data-formitemid=\"1337337\"\r\n      data-type=\"Address\" data-addresstype=\"Textfield\">\r\n\r\n      <tr>\r\n\r\n        <td class=\"title\">\r\n          <label class=\"mod_formitem_title\" for=\"formitem-1337337\" style=\"margin-bottom:0;\">Telefon<\/label>\r\n\r\n        <\/td>\r\n\r\n        <td class=\"text\">\r\n          <input type=\"text\" class=\"feld\" name=\"FormItem[1337337]\" id=\"formitem-1337337\" size=\"40\" value=\"\"\r\n            data-addresstype=\"Textfield\">\r\n\r\n          <div id=\"formitem-error-1337337\" class=\"ep-formitem-error\" style=\"display:none;\"><\/div>\r\n\r\n        <\/td>\r\n\r\n      <\/tr>\r\n\r\n    <\/table>\r\n  <\/div>\r\n\r\n  <div class=\"table table-fourth\">\r\n    <table role=\"presentation\" cellspacing=\"0\" cellpadding=\"0\" border=\"0\"\r\n      class=\"form_item_template_3 form_item ep-formitem\" id=\"FormItem_1337346\" data-formitemid=\"1337346\"\r\n      data-type=\"Address\" data-addresstype=\"Textfield\">\r\n\r\n      <tr>\r\n\r\n        <td class=\"title\">\r\n          <label class=\"mod_formitem_title\" for=\"formitem-1337346\" style=\"margin-bottom:0;\">Firma\/Inst.\/Org. oder\r\n            privat<\/label> <span class=\"text\">*<\/span>\r\n\r\n        <\/td>\r\n\r\n        <td class=\"text\">\r\n          <input type=\"text\" class=\"feld\" name=\"FormItem[1337346]\" id=\"formitem-1337346\" size=\"40\" value=\"\"\r\n            data-addresstype=\"Textfield\" required=\"\" aria-required=\"true\">\r\n\r\n          <div id=\"formitem-error-1337346\" class=\"ep-formitem-error\" style=\"display:none;\"><\/div>\r\n\r\n        <\/td>\r\n\r\n      <\/tr>\r\n\r\n    <\/table>\r\n\r\n    <table role=\"presentation\" cellspacing=\"0\" cellpadding=\"0\" border=\"0\"\r\n      class=\"form_item_template_3 form_item ep-formitem\" id=\"FormItem_1337367\" data-formitemid=\"1337367\"\r\n      data-type=\"Address\" data-addresstype=\"Textfield\">\r\n\r\n      <tr>\r\n\r\n        <td class=\"title\">\r\n          <label class=\"mod_formitem_title\" for=\"formitem-1337367\" style=\"margin-bottom:0;\">Abteilung<\/label>\r\n\r\n        <\/td>\r\n\r\n        <td class=\"text\">\r\n          <input type=\"text\" class=\"feld\" name=\"FormItem[1337367]\" id=\"formitem-1337367\" size=\"40\" value=\"\"\r\n            data-addresstype=\"Textfield\">\r\n\r\n          <div id=\"formitem-error-1337367\" class=\"ep-formitem-error\" style=\"display:none;\"><\/div>\r\n\r\n        <\/td>\r\n\r\n      <\/tr>\r\n\r\n    <\/table>\r\n  <\/div>\r\n\r\n  <div class=\"table table-fifth\">\r\n    <table role=\"presentation\" cellspacing=\"0\" cellpadding=\"0\" border=\"0\"\r\n      class=\"form_item_template_3 form_item ep-formitem\" id=\"FormItem_1337370\" data-formitemid=\"1337370\"\r\n      data-type=\"Address\" data-addresstype=\"Textfield\">\r\n\r\n      <tr>\r\n\r\n        <td class=\"title\">\r\n          <label class=\"mod_formitem_title\" for=\"formitem-1337370\" style=\"margin-bottom:0;\">Stra\u00dfe<\/label>\r\n\r\n        <\/td>\r\n\r\n        <td class=\"text\">\r\n          <input type=\"text\" class=\"feld\" name=\"FormItem[1337370]\" id=\"formitem-1337370\" size=\"40\" value=\"\"\r\n            data-addresstype=\"Textfield\">\r\n\r\n          <div id=\"formitem-error-1337370\" class=\"ep-formitem-error\" style=\"display:none;\"><\/div>\r\n\r\n        <\/td>\r\n\r\n      <\/tr>\r\n\r\n    <\/table>\r\n\r\n    <table role=\"presentation\" cellspacing=\"0\" cellpadding=\"0\" border=\"0\"\r\n      class=\"form_item_template_3 form_item ep-formitem\" id=\"FormItem_1337373\" data-formitemid=\"1337373\"\r\n      data-type=\"Address\" data-addresstype=\"Textfield\">\r\n\r\n      <tr>\r\n\r\n        <td class=\"title\">\r\n          <label class=\"mod_formitem_title\" for=\"formitem-1337373\" style=\"margin-bottom:0;\">PLZ<\/label>\r\n\r\n        <\/td>\r\n\r\n        <td class=\"text\">\r\n          <input type=\"text\" class=\"feld\" name=\"FormItem[1337373]\" id=\"formitem-1337373\" size=\"40\" value=\"\"\r\n            data-addresstype=\"Textfield\">\r\n\r\n          <div id=\"formitem-error-1337373\" class=\"ep-formitem-error\" style=\"display:none;\"><\/div>\r\n\r\n        <\/td>\r\n\r\n      <\/tr>\r\n\r\n    <\/table>\r\n\r\n    <table role=\"presentation\" cellspacing=\"0\" cellpadding=\"0\" border=\"0\"\r\n      class=\"form_item_template_3 form_item ep-formitem\" id=\"FormItem_1337376\" data-formitemid=\"1337376\"\r\n      data-type=\"Address\" data-addresstype=\"Textfield\">\r\n\r\n      <tr>\r\n\r\n        <td class=\"title\">\r\n          <label class=\"mod_formitem_title\" for=\"formitem-1337376\" style=\"margin-bottom:0;\">Ort<\/label>\r\n\r\n        <\/td>\r\n\r\n        <td class=\"text\">\r\n          <input type=\"text\" class=\"feld\" name=\"FormItem[1337376]\" id=\"formitem-1337376\" size=\"40\" value=\"\"\r\n            data-addresstype=\"Textfield\">\r\n\r\n          <div id=\"formitem-error-1337376\" class=\"ep-formitem-error\" style=\"display:none;\"><\/div>\r\n\r\n        <\/td>\r\n\r\n      <\/tr>\r\n\r\n    <\/table>\r\n  <\/div>\r\n  <!--FORMITEM_SEPARATOR_BEGIN\/\/-->\r\n\r\n  <div class=\"form_item_template_1 ep-formitem idl-separator\" id=\"FormItem_1280253\" data-formitemid=\"1280253\" data-type=\"Separator\">\r\n    <br>\r\n\r\n    <div class=\"ep-seperator\" style=\"box-sizing:border-box; border-top-style:solid; border-top-width:1px;\"><\/div>\r\n    <br>\r\n\r\n  <\/div>\r\n  <!--FORMITEM_SEPARATOR_END\/\/-->\r\n\r\n  <div class=\"ep-formitem form_item_template_3 idl-text-under\" data-formitemid=\"1337223\" data-type=\"Term\">\r\n    <input type=\"checkbox\" id=\"formitem-1337223\" name=\"FormItem[1337223]\" value=\"1\" style=\"float:left;\" required=\"\"\r\n      aria-required=\"true\">\r\n\r\n    <div class=\"ep-radio-checkbox-offset small\">\r\n      <label for=\"formitem-1337223\" style=\"white-space:normal;\">* Der Schutz Ihrer pers\u00f6nlichen Daten ist uns ein\r\n        besonderes Anliegen. Wir speichern Ihre Daten gesetzeskonform bis auf Widerruf und geben sie nicht weiter,\r\n        sondern senden Ihnen Informationsmaterial, Newsletter und Einladungen zu Veranstaltungen. Wenn Sie keine\r\n        Zusendungen mehr w\u00fcnschen, k\u00f6nnen Sie Ihre Zustimmung mittels Abmeldelink am Fu\u00df jeder Email g\u00e4nzlich\r\n        stornieren.<br>\r\n        <br>\r\n        Zur <a href=\"https:\/\/www.joanneum.at\/datenschutz\/\">Datenschutzerkl\u00e4rung<\/a><br>\r\n        <br>\r\n        Hiermit stimme ich der Nutzung meiner Daten gem\u00e4\u00df der Datenschutzerkl\u00e4rung der JOANNEUM RESEARCH\r\n        Forschungsgesellschaft mbH zu<\/label>\r\n\r\n    <\/div>\r\n\r\n  <\/div>\r\n  <div style=\"display:none;\">\r\n      <select class=\"feld\" name=\"FormItem[1354717]\" id=\"formitem-1354717\" size=\"1\" value=\"Anmeldeformular\" data-addresstype=\"Select\" >\r\n    \t<option value=\"Anmeldeformular\" selected=\"selected\">\r\n    \t\tEinwilligung (Anmeldeformular f\u00fcr Veranstaltung\/f\u00fcr Informationsmaterial ausgef\u00fcllt)\r\n    \t<\/option>\r\n    <\/select>\r\n    <div id=\"formitem-error-1354717\" class=\"ep-formitem-error\" style=\"display:none;\"><\/div>\r\n<\/div>\r\n <div style=\"position:absolute; left:-9999px;\">\r\n    <input type=\"text\" name=\"website\" tabindex=\"-1\" autocomplete=\"off\">\r\n  <\/div>\r\n <!-- ALTCHA Widget -->\r\n <div class=\"mod_form_buttons idl-form-button\" style=\"flex-direction:column;\"> <div class=\"altcha-widget-wrap\"><altcha-widget challengeurl=\"https:\/\/www.joanneum.at\/en\/wp-json\/altcha\/v1\/challenge\" strings=\"{&quot;error&quot;:&quot;Verification failed. Try again later.&quot;,&quot;footer&quot;:&quot;Protected by &lt;a href=\\&quot;https:\\\/\\\/altcha.org\\\/\\&quot; target=\\&quot;_blank\\&quot;&gt;ALTCHA&lt;\\\/a&gt;&quot;,&quot;label&quot;:&quot;I&#039;m not a robot&quot;,&quot;verified&quot;:&quot;Verified&quot;,&quot;verifying&quot;:&quot;Verifying...&quot;,&quot;waitAlert&quot;:&quot;Verifying... please wait.&quot;}\" hidefooter=\"1\"><\/altcha-widget><noscript><div class=\"altcha-no-javascript\">This form requires JavaScript!<\/div><\/noscript><\/div> <input class=\"button\" style=\"display:block;\" type=\"submit\" name=\"Submit\" value=\"Anmelden\">\r\n  \r\n\r\n  <div class=\"idl-text-required\">\r\n    * Pflichtfelder\r\n  <\/div>\r\n\r\n<\/form>\r\n\r\n<\/div>\r\n\t\t\t\t<\/div>\n\t\t\t\t<\/div>\n\t\t\t\t<\/div>\n\t\t\t\t\t<\/div>\n\t\t\t\t<\/div>\n\t\t\t\t<\/div>\n\t\t","protected":false},"excerpt":{"rendered":"<p>SIE WOLLEN MEHR \u00dcBER DIE JOANNEUM RESEARCH ERFAHREN? Es freut uns, dass Sie\u00a0sich f\u00fcr unsere Forschungsthemen interessieren\u00a0und mit uns in Kontakt treten m\u00f6chten. Wir informieren Sie gerne regelm\u00e4\u00dfig \u00fcber unsere aktuellen Forschungst\u00e4tigkeiten und neueste Entwicklungen sowie \u00fcber Veranstaltungen. Um Ihnen die gew\u00fcnschten Informationen zukommen lassen zu k\u00f6nnen, bitten wir Sie um Bekanntgabe nachfolgender Daten: (* [&hellip;]<\/p>\n","protected":false},"author":14,"featured_media":0,"parent":0,"menu_order":0,"comment_status":"closed","ping_status":"closed","template":"","meta":{"_acf_changed":false,"footnotes":""},"class_list":["post-48302","page","type-page","status-publish","hentry"],"acf":[],"_links":{"self":[{"href":"https:\/\/www.joanneum.at\/en\/wp-json\/wp\/v2\/pages\/48302","targetHints":{"allow":["GET"]}}],"collection":[{"href":"https:\/\/www.joanneum.at\/en\/wp-json\/wp\/v2\/pages"}],"about":[{"href":"https:\/\/www.joanneum.at\/en\/wp-json\/wp\/v2\/types\/page"}],"author":[{"embeddable":true,"href":"https:\/\/www.joanneum.at\/en\/wp-json\/wp\/v2\/users\/14"}],"replies":[{"embeddable":true,"href":"https:\/\/www.joanneum.at\/en\/wp-json\/wp\/v2\/comments?post=48302"}],"version-history":[{"count":7,"href":"https:\/\/www.joanneum.at\/en\/wp-json\/wp\/v2\/pages\/48302\/revisions"}],"predecessor-version":[{"id":101031,"href":"https:\/\/www.joanneum.at\/en\/wp-json\/wp\/v2\/pages\/48302\/revisions\/101031"}],"wp:attachment":[{"href":"https:\/\/www.joanneum.at\/en\/wp-json\/wp\/v2\/media?parent=48302"}],"curies":[{"name":"wp","href":"https:\/\/api.w.org\/{rel}","templated":true}]}}