{"id":20572,"date":"2025-09-09T14:52:12","date_gmt":"2025-09-09T12:52:12","guid":{"rendered":"https:\/\/www.joanneum.at\/op-check\/?page_id=20572"},"modified":"2026-02-02T13:59:06","modified_gmt":"2026-02-02T12:59:06","slug":"entwicklung","status":"publish","type":"page","link":"https:\/\/www.joanneum.at\/op-check\/en\/entwicklung\/","title":{"rendered":"Development"},"content":{"rendered":"<div data-elementor-type=\"wp-page\" data-elementor-id=\"20572\" class=\"elementor elementor-20572\" data-elementor-post-type=\"page\">\n\t\t\t\t<div class=\"elementor-element elementor-element-00fccf9 e-flex e-con-boxed e-con e-parent\" data-id=\"00fccf9\" data-element_type=\"container\" data-e-type=\"container\" data-settings=\"{&quot;background_background&quot;:&quot;classic&quot;}\">\n\t\t\t\t\t<div class=\"e-con-inner\">\n\t\t<div class=\"elementor-element elementor-element-dfe1d52 e-con-full e-flex e-con e-child\" data-id=\"dfe1d52\" data-element_type=\"container\" data-e-type=\"container\">\n\t\t\t\t<div class=\"elementor-element elementor-element-d7a93c1 idl-span-bg elementor-widget elementor-widget-heading\" data-id=\"d7a93c1\" data-element_type=\"widget\" data-e-type=\"widget\" data-widget_type=\"heading.default\">\n\t\t\t\t<div class=\"elementor-widget-container\">\n\t\t\t\t\t<h1 class=\"elementor-heading-title elementor-size-default\">OP-Check <\/h1>\t\t\t\t<\/div>\n\t\t\t\t<\/div>\n\t\t\t\t<\/div>\n\t\t\t\t\t<\/div>\n\t\t\t\t<\/div>\n\t\t<div class=\"elementor-element elementor-element-ab3ed20 e-flex e-con-boxed e-con e-parent\" data-id=\"ab3ed20\" data-element_type=\"container\" data-e-type=\"container\" data-settings=\"{&quot;background_background&quot;:&quot;classic&quot;}\">\n\t\t\t\t\t<div class=\"e-con-inner\">\n\t\t<div class=\"elementor-element elementor-element-6606055 e-con-full e-flex e-con e-child\" data-id=\"6606055\" data-element_type=\"container\" data-e-type=\"container\">\n\t\t\t\t<div class=\"elementor-element elementor-element-cdfd029 elementor-widget elementor-widget-text-editor\" data-id=\"cdfd029\" data-element_type=\"widget\" data-e-type=\"widget\" data-widget_type=\"text-editor.default\">\n\t\t\t\t<div class=\"elementor-widget-container\">\n\t\t\t\t\t\t\t\t\t<div class=\"col-md-8 content-column\"><div class=\"content-inside\"><div id=\"c40483\" class=\"content content-type-text content-space content-space-before-large\"><div class=\"content-content\"><p>JOANNEUM RESEARCH has developed the digital surgical checklist \u2018OP-Check\u2019 in collaboration with Steierm\u00e4rkische Krankenanstaltengesellschaft (KAGes). KAGes operates 10 hospitals at nearly 20 locations with approximately 100 surgery rooms. With 18,500 employees, KAGes is the largest employer in Styria.\u00a0<br \/>The aim of OP-Check is to digitise the WHO's paper-based surgical checklist, increase user acceptance and completion rates, and thereby improve patient safety.\u00a0<\/p><p>Users are provided with relevant information in a structured manner throughout the entire perioperative process (pre-operative, intra-operative and post-operative), as OP-Check is fully integrated into the hospital information system (HIS).<br \/>\u00a0<br \/>The design and development of OP-Check was carried out on an interdisciplinary basis together with users as part of a co-creation process. This included\u00a0<\/p><ul><li>Interdisciplinary focus groups and interviews<\/li><li>Process observations and workshops with doctors, nurses, and quality management and IT staff<\/li><li>Iterative development with functional prototypes and usability tests<\/li><li>Step-by-step development<br \/>\u00a0<\/li><\/ul><\/div><\/div><\/div><\/div>\t\t\t\t\t\t\t\t<\/div>\n\t\t\t\t<\/div>\n\t\t<div class=\"elementor-element elementor-element-521b7ef e-con-full e-flex e-con e-child\" data-id=\"521b7ef\" data-element_type=\"container\" data-e-type=\"container\">\n\t\t\t\t<div class=\"elementor-element elementor-element-6d4051e elementor-align-left elementor-mobile-align-justify idl-btn elementor-widget elementor-widget-button\" data-id=\"6d4051e\" data-element_type=\"widget\" data-e-type=\"widget\" data-widget_type=\"button.default\">\n\t\t\t\t<div class=\"elementor-widget-container\">\n\t\t\t\t\t\t\t\t\t<div class=\"elementor-button-wrapper\">\n\t\t\t\t\t<a class=\"elementor-button elementor-button-link elementor-size-sm\" href=\"mailto:%20op-check@joanneum.at\">\n\t\t\t\t\t\t<span class=\"elementor-button-content-wrapper\">\n\t\t\t\t\t\t<span class=\"elementor-button-icon\">\n\t\t\t\t<svg xmlns=\"http:\/\/www.w3.org\/2000\/svg\" id=\"8dfb8d4426ac3b4\" width=\"auto\" height=\"auto\" viewbox=\"0 0 176.5032 316.7049\"><defs><style>.cls-1{stroke-width:0px;}<\/style><\/defs><polygon class=\"cls-1\" points=\"19.3894 316.7054 2.4773 299.7933 142.6794 159.5912 -.0003 16.9125 16.9118 .0003 176.5036 159.5912 19.3894 316.7054\"><\/polygon><\/svg>\t\t\t<\/span>\n\t\t\t\t\t\t\t\t\t<span class=\"elementor-button-text\">Book an appointment<\/span>\n\t\t\t\t\t<\/span>\n\t\t\t\t\t<\/a>\n\t\t\t\t<\/div>\n\t\t\t\t\t\t\t\t<\/div>\n\t\t\t\t<\/div>\n\t\t\t\t<div class=\"elementor-element elementor-element-b48a5b1 elementor-align-left elementor-mobile-align-justify idl-btn elementor-widget elementor-widget-button\" data-id=\"b48a5b1\" data-element_type=\"widget\" data-e-type=\"widget\" data-widget_type=\"button.default\">\n\t\t\t\t<div class=\"elementor-widget-container\">\n\t\t\t\t\t\t\t\t\t<div class=\"elementor-button-wrapper\">\n\t\t\t\t\t<a class=\"elementor-button elementor-button-link elementor-size-sm\" href=\"\/op-check\/use-cases\/\/en\/\">\n\t\t\t\t\t\t<span class=\"elementor-button-content-wrapper\">\n\t\t\t\t\t\t<span class=\"elementor-button-icon\">\n\t\t\t\t<svg xmlns=\"http:\/\/www.w3.org\/2000\/svg\" id=\"8dfb8d4426ac3b4\" width=\"auto\" height=\"auto\" viewbox=\"0 0 176.5032 316.7049\"><defs><style>.cls-1{stroke-width:0px;}<\/style><\/defs><polygon class=\"cls-1\" points=\"19.3894 316.7054 2.4773 299.7933 142.6794 159.5912 -.0003 16.9125 16.9118 .0003 176.5036 159.5912 19.3894 316.7054\"><\/polygon><\/svg>\t\t\t<\/span>\n\t\t\t\t\t\t\t\t\t<span class=\"elementor-button-text\">Discover the benefits<\/span>\n\t\t\t\t\t<\/span>\n\t\t\t\t\t<\/a>\n\t\t\t\t<\/div>\n\t\t\t\t\t\t\t\t<\/div>\n\t\t\t\t<\/div>\n\t\t\t\t<\/div>\n\t\t\t\t<\/div>\n\t\t\t\t\t<\/div>\n\t\t\t\t<\/div>\n\t\t<div class=\"elementor-element elementor-element-7d499e9 e-con-full e-flex e-con e-parent\" data-id=\"7d499e9\" data-element_type=\"container\" data-e-type=\"container\">\n\t\t<div class=\"elementor-element elementor-element-44c7e11 e-con-full e-flex e-con e-child\" data-id=\"44c7e11\" data-element_type=\"container\" data-e-type=\"container\" data-settings=\"{&quot;background_background&quot;:&quot;classic&quot;}\">\n\t\t\t\t<\/div>\n\t\t<div class=\"elementor-element elementor-element-476ef8f e-con-full e-flex e-con e-child\" data-id=\"476ef8f\" data-element_type=\"container\" data-e-type=\"container\">\n\t\t\t\t<div class=\"elementor-element elementor-element-53ad56a elementor-widget elementor-widget-heading\" data-id=\"53ad56a\" data-element_type=\"widget\" data-e-type=\"widget\" data-widget_type=\"heading.default\">\n\t\t\t\t<div class=\"elementor-widget-container\">\n\t\t\t\t\t<h3 class=\"elementor-heading-title elementor-size-default\">Status<\/h3>\t\t\t\t<\/div>\n\t\t\t\t<\/div>\n\t\t\t\t<div class=\"elementor-element elementor-element-e41151e elementor-widget elementor-widget-text-editor\" data-id=\"e41151e\" data-element_type=\"widget\" data-e-type=\"widget\" data-widget_type=\"text-editor.default\">\n\t\t\t\t<div class=\"elementor-widget-container\">\n\t\t\t\t\t\t\t\t\t<p>Following successful piloting at two selected locations, OP-Check has been rolled out for comprehensive use at KAGes since 2024 (approx. 100 operating theatres). OP-Check has also been available to other hospitals since 2024. KAGes \u2013 as our reference customer \u2013 has kindly agreed to demonstrate the operation of OP-Check to interested hospitals.\u00a0<\/p>\t\t\t\t\t\t\t\t<\/div>\n\t\t\t\t<\/div>\n\t\t\t\t<\/div>\n\t\t\t\t<\/div>\n\t\t<div class=\"elementor-element elementor-element-3dc96ca e-flex e-con-boxed e-con e-parent\" data-id=\"3dc96ca\" data-element_type=\"container\" data-e-type=\"container\" data-settings=\"{&quot;background_background&quot;:&quot;classic&quot;}\">\n\t\t\t\t\t<div class=\"e-con-inner\">\n\t\t<div class=\"elementor-element elementor-element-9137864 e-con-full e-flex e-con e-child\" data-id=\"9137864\" data-element_type=\"container\" data-e-type=\"container\" data-settings=\"{&quot;background_background&quot;:&quot;classic&quot;}\">\n\t\t\t\t<div class=\"elementor-element elementor-element-08899b4 elementor-widget elementor-widget-heading\" data-id=\"08899b4\" data-element_type=\"widget\" data-e-type=\"widget\" data-widget_type=\"heading.default\">\n\t\t\t\t<div class=\"elementor-widget-container\">\n\t\t\t\t\t<p class=\"elementor-heading-title elementor-size-default\">Get in touch with us and<br> profit from \ndirect access to interstitial fluid<\/p>\t\t\t\t<\/div>\n\t\t\t\t<\/div>\n\t\t\t\t<div class=\"elementor-element elementor-element-83be663 elementor-align-justify elementor-mobile-align-justify idl-btn elementor-widget elementor-widget-button\" data-id=\"83be663\" data-element_type=\"widget\" data-e-type=\"widget\" data-widget_type=\"button.default\">\n\t\t\t\t<div class=\"elementor-widget-container\">\n\t\t\t\t\t\t\t\t\t<div class=\"elementor-button-wrapper\">\n\t\t\t\t\t<a class=\"elementor-button elementor-button-link elementor-size-sm\" href=\"mailto:%20op-check@joanneum.at\" target=\"_blank\">\n\t\t\t\t\t\t<span class=\"elementor-button-content-wrapper\">\n\t\t\t\t\t\t<span class=\"elementor-button-icon\">\n\t\t\t\t<svg xmlns=\"http:\/\/www.w3.org\/2000\/svg\" id=\"8dfb8d4426ac3b4\" width=\"auto\" height=\"auto\" viewbox=\"0 0 176.5032 316.7049\"><defs><style>.cls-1{stroke-width:0px;}<\/style><\/defs><polygon class=\"cls-1\" points=\"19.3894 316.7054 2.4773 299.7933 142.6794 159.5912 -.0003 16.9125 16.9118 .0003 176.5036 159.5912 19.3894 316.7054\"><\/polygon><\/svg>\t\t\t<\/span>\n\t\t\t\t\t\t\t\t\t<span class=\"elementor-button-text\">Contact us<\/span>\n\t\t\t\t\t<\/span>\n\t\t\t\t\t<\/a>\n\t\t\t\t<\/div>\n\t\t\t\t\t\t\t\t<\/div>\n\t\t\t\t<\/div>\n\t\t\t\t<\/div>\n\t\t\t\t\t<\/div>\n\t\t\t\t<\/div>\n\t\t\t\t<\/div>","protected":false},"excerpt":{"rendered":"<p>OP-Check Die JOANNEUM RESEARCH Forschungsgesellschaft hat gemeinsam mit der Steierm\u00e4rkischen Krankenanstaltengesellschaft (KAGes) die digitale OP\u2010Checkliste \u201eOP-Check\u201c entwickelt. Die KAGes betreibt 10 Krankenh\u00e4user knapp 20 Standorten mit ca. 100 OP-S\u00e4len. Mit 18.500 Mitarbeitenden ist die KAGes der gr\u00f6\u00dfte Arbeitgeber in der Steiermark.\u00a0Ziel von OP-Check ist es, die papierbasierte OP-Checkliste der WHO zu digitalisieren, die Nutzerakzeptanz und [&hellip;]<\/p>\n","protected":false},"author":44,"featured_media":0,"parent":0,"menu_order":0,"comment_status":"closed","ping_status":"closed","template":"","meta":{"_acf_changed":false,"footnotes":""},"class_list":["post-20572","page","type-page","status-publish","hentry"],"acf":[],"_links":{"self":[{"href":"https:\/\/www.joanneum.at\/op-check\/en\/wp-json\/wp\/v2\/pages\/20572","targetHints":{"allow":["GET"]}}],"collection":[{"href":"https:\/\/www.joanneum.at\/op-check\/en\/wp-json\/wp\/v2\/pages"}],"about":[{"href":"https:\/\/www.joanneum.at\/op-check\/en\/wp-json\/wp\/v2\/types\/page"}],"author":[{"embeddable":true,"href":"https:\/\/www.joanneum.at\/op-check\/en\/wp-json\/wp\/v2\/users\/44"}],"replies":[{"embeddable":true,"href":"https:\/\/www.joanneum.at\/op-check\/en\/wp-json\/wp\/v2\/comments?post=20572"}],"version-history":[{"count":7,"href":"https:\/\/www.joanneum.at\/op-check\/en\/wp-json\/wp\/v2\/pages\/20572\/revisions"}],"predecessor-version":[{"id":20660,"href":"https:\/\/www.joanneum.at\/op-check\/en\/wp-json\/wp\/v2\/pages\/20572\/revisions\/20660"}],"wp:attachment":[{"href":"https:\/\/www.joanneum.at\/op-check\/en\/wp-json\/wp\/v2\/media?parent=20572"}],"curies":[{"name":"wp","href":"https:\/\/api.w.org\/{rel}","templated":true}]}}