{"id":20288,"date":"2025-04-28T08:52:03","date_gmt":"2025-04-28T06:52:03","guid":{"rendered":"https:\/\/www.joanneum.at\/op-check\/?page_id=20288"},"modified":"2026-04-15T14:56:59","modified_gmt":"2026-04-15T12:56:59","slug":"prozesse","status":"publish","type":"page","link":"https:\/\/www.joanneum.at\/op-check\/prozesse\/","title":{"rendered":"Prozess-Schritte"},"content":{"rendered":"\t\t<div data-elementor-type=\"wp-page\" data-elementor-id=\"20288\" class=\"elementor elementor-20288\" data-elementor-post-type=\"page\">\n\t\t\t\t<div class=\"elementor-element elementor-element-cd5ba81 e-flex e-con-boxed e-con e-parent\" data-id=\"cd5ba81\" data-element_type=\"container\" data-e-type=\"container\" data-settings=\"{&quot;background_background&quot;:&quot;classic&quot;}\">\n\t\t\t\t\t<div class=\"e-con-inner\">\n\t\t<div class=\"elementor-element elementor-element-d24d38f e-con-full e-flex e-con e-child\" data-id=\"d24d38f\" data-element_type=\"container\" data-e-type=\"container\">\n\t\t\t\t<div class=\"elementor-element elementor-element-fc83b9c idl-span-bg elementor-widget elementor-widget-heading\" data-id=\"fc83b9c\" data-element_type=\"widget\" data-e-type=\"widget\" data-widget_type=\"heading.default\">\n\t\t\t\t<div class=\"elementor-widget-container\">\n\t\t\t\t\t<h1 class=\"elementor-heading-title elementor-size-default\">Prozess-Schritte<\/h1>\t\t\t\t<\/div>\n\t\t\t\t<\/div>\n\t\t\t\t<\/div>\n\t\t\t\t\t<\/div>\n\t\t\t\t<\/div>\n\t\t<div class=\"elementor-element elementor-element-cf5bfb6 e-flex e-con-boxed e-con e-parent\" data-id=\"cf5bfb6\" data-element_type=\"container\" data-e-type=\"container\">\n\t\t\t\t\t<div class=\"e-con-inner\">\n\t\t<div class=\"elementor-element elementor-element-843dd3f e-con-full e-flex e-con e-child\" data-id=\"843dd3f\" data-element_type=\"container\" data-e-type=\"container\">\n\t\t<div class=\"elementor-element elementor-element-7a64771 e-con-full e-flex e-con e-child\" data-id=\"7a64771\" data-element_type=\"container\" data-e-type=\"container\">\n\t\t\t\t<div class=\"elementor-element elementor-element-c440317 elementor-widget__width-initial elementor-widget elementor-widget-heading\" data-id=\"c440317\" data-element_type=\"widget\" data-e-type=\"widget\" data-widget_type=\"heading.default\">\n\t\t\t\t<div class=\"elementor-widget-container\">\n\t\t\t\t\t<h3 class=\"elementor-heading-title elementor-size-default\">Pr\u00e4operative Ma\u00dfnahmen durch die Pflege<\/h3>\t\t\t\t<\/div>\n\t\t\t\t<\/div>\n\t\t\t\t<div class=\"elementor-element elementor-element-36b4e91 elementor-widget-divider--view-line_icon elementor-widget-divider--element-align-left elementor-view-default elementor-widget elementor-widget-divider\" data-id=\"36b4e91\" data-element_type=\"widget\" data-e-type=\"widget\" data-widget_type=\"divider.default\">\n\t\t\t\t<div class=\"elementor-widget-container\">\n\t\t\t\t\t\t\t<div class=\"elementor-divider\">\n\t\t\t<span class=\"elementor-divider-separator\">\n\t\t\t\t\t\t\t<div class=\"elementor-icon elementor-divider__element\">\n\t\t\t\t\t<svg aria-hidden=\"true\" class=\"e-font-icon-svg e-fas-circle\" viewBox=\"0 0 512 512\" xmlns=\"http:\/\/www.w3.org\/2000\/svg\"><path d=\"M256 8C119 8 8 119 8 256s111 248 248 248 248-111 248-248S393 8 256 8z\"><\/path><\/svg><\/div>\n\t\t\t\t\t\t<\/span>\n\t\t<\/div>\n\t\t\t\t\t\t<\/div>\n\t\t\t\t<\/div>\n\t\t\t\t<div class=\"elementor-element elementor-element-d267fa3 elementor-widget__width-initial elementor-widget elementor-widget-text-editor\" data-id=\"d267fa3\" data-element_type=\"widget\" data-e-type=\"widget\" data-widget_type=\"text-editor.default\">\n\t\t\t\t<div class=\"elementor-widget-container\">\n\t\t\t\t\t\t\t\t\t<ul><li data-start=\"212\" data-end=\"356\">Patientenidentifikation, Pr\u00fcfung von Warnhinweisen, Pr\u00fcfung der Nahrungs- bzw. Fl\u00fcssigkeitsanordnung, Pr\u00fcfung der Antibiotikaprophylaxe, etc.<\/li><li data-start=\"212\" data-end=\"356\">Check der vorbereitenden Arbeiten: Entfernung von Zahnersatz, Piercings, Schmuck, Haarteilen, H\u00f6r- und Sehhilfen.<\/li><li data-start=\"212\" data-end=\"356\">Check von Lagerungsbehelfen, ggf. Desinfektion.<\/li><li data-start=\"212\" data-end=\"356\">Aufkl\u00e4rung \u00fcber Sturzrisiko.<\/li><li data-start=\"212\" data-end=\"356\">Verabreichung der Pr\u00e4medikation.<\/li><\/ul>\t\t\t\t\t\t\t\t<\/div>\n\t\t\t\t<\/div>\n\t\t\t\t<\/div>\n\t\t\t\t<\/div>\n\t\t<div class=\"elementor-element elementor-element-5fa116a e-con-full e-flex e-con e-child\" data-id=\"5fa116a\" data-element_type=\"container\" data-e-type=\"container\">\n\t\t<div class=\"elementor-element elementor-element-1347d06 e-con-full e-flex e-con e-child\" data-id=\"1347d06\" data-element_type=\"container\" data-e-type=\"container\">\n\t\t\t\t<div class=\"elementor-element elementor-element-582e830 elementor-widget__width-initial elementor-widget elementor-widget-heading\" data-id=\"582e830\" data-element_type=\"widget\" data-e-type=\"widget\" data-widget_type=\"heading.default\">\n\t\t\t\t<div class=\"elementor-widget-container\">\n\t\t\t\t\t<h3 class=\"elementor-heading-title elementor-size-default\">Sign-in durch die Pflege in der OP-Schleuse<\/h3>\t\t\t\t<\/div>\n\t\t\t\t<\/div>\n\t\t\t\t<div class=\"elementor-element elementor-element-5206cfe elementor-widget-divider--view-line_icon elementor-view-default elementor-widget-divider--element-align-center elementor-widget elementor-widget-divider\" data-id=\"5206cfe\" data-element_type=\"widget\" data-e-type=\"widget\" data-widget_type=\"divider.default\">\n\t\t\t\t<div class=\"elementor-widget-container\">\n\t\t\t\t\t\t\t<div class=\"elementor-divider\">\n\t\t\t<span class=\"elementor-divider-separator\">\n\t\t\t\t\t\t\t<div class=\"elementor-icon elementor-divider__element\">\n\t\t\t\t\t<svg aria-hidden=\"true\" class=\"e-font-icon-svg e-fas-circle\" viewBox=\"0 0 512 512\" xmlns=\"http:\/\/www.w3.org\/2000\/svg\"><path d=\"M256 8C119 8 8 119 8 256s111 248 248 248 248-111 248-248S393 8 256 8z\"><\/path><\/svg><\/div>\n\t\t\t\t\t\t<\/span>\n\t\t<\/div>\n\t\t\t\t\t\t<\/div>\n\t\t\t\t<\/div>\n\t\t\t\t<div class=\"elementor-element elementor-element-9d99e66 elementor-widget__width-initial elementor-widget elementor-widget-text-editor\" data-id=\"9d99e66\" data-element_type=\"widget\" data-e-type=\"widget\" data-widget_type=\"text-editor.default\">\n\t\t\t\t<div class=\"elementor-widget-container\">\n\t\t\t\t\t\t\t\t\t<ul><li data-start=\"212\" data-end=\"356\">Patientenidentifikation.<\/li><li data-start=\"212\" data-end=\"356\">Pr\u00fcfung ob Operationsstelle markiert und OP-Einwilligung vorhanden ist.<\/li><li data-start=\"212\" data-end=\"356\">Pr\u00fcfung des Equipments und der relevanten Warnhinweise.<\/li><\/ul>\t\t\t\t\t\t\t\t<\/div>\n\t\t\t\t<\/div>\n\t\t\t\t<\/div>\n\t\t\t\t<\/div>\n\t\t<div class=\"elementor-element elementor-element-6f67a96 e-con-full e-flex e-con e-child\" data-id=\"6f67a96\" data-element_type=\"container\" data-e-type=\"container\">\n\t\t<div class=\"elementor-element elementor-element-2454002 e-con-full e-flex e-con e-child\" data-id=\"2454002\" data-element_type=\"container\" data-e-type=\"container\">\n\t\t\t\t<div class=\"elementor-element elementor-element-ff07024 elementor-widget__width-initial elementor-widget elementor-widget-heading\" data-id=\"ff07024\" data-element_type=\"widget\" data-e-type=\"widget\" data-widget_type=\"heading.default\">\n\t\t\t\t<div class=\"elementor-widget-container\">\n\t\t\t\t\t<h3 class=\"elementor-heading-title elementor-size-default\">Sign-in durch die An\u00e4sthesie <br><br><\/h3>\t\t\t\t<\/div>\n\t\t\t\t<\/div>\n\t\t\t\t<div class=\"elementor-element elementor-element-785efcc elementor-widget-divider--view-line_icon elementor-view-default elementor-widget-divider--element-align-center elementor-widget elementor-widget-divider\" data-id=\"785efcc\" data-element_type=\"widget\" data-e-type=\"widget\" data-widget_type=\"divider.default\">\n\t\t\t\t<div class=\"elementor-widget-container\">\n\t\t\t\t\t\t\t<div class=\"elementor-divider\">\n\t\t\t<span class=\"elementor-divider-separator\">\n\t\t\t\t\t\t\t<div class=\"elementor-icon elementor-divider__element\">\n\t\t\t\t\t<svg aria-hidden=\"true\" class=\"e-font-icon-svg e-fas-circle\" viewBox=\"0 0 512 512\" xmlns=\"http:\/\/www.w3.org\/2000\/svg\"><path d=\"M256 8C119 8 8 119 8 256s111 248 248 248 248-111 248-248S393 8 256 8z\"><\/path><\/svg><\/div>\n\t\t\t\t\t\t<\/span>\n\t\t<\/div>\n\t\t\t\t\t\t<\/div>\n\t\t\t\t<\/div>\n\t\t\t\t<div class=\"elementor-element elementor-element-19eeb65 elementor-widget__width-initial elementor-widget elementor-widget-text-editor\" data-id=\"19eeb65\" data-element_type=\"widget\" data-e-type=\"widget\" data-widget_type=\"text-editor.default\">\n\t\t\t\t<div class=\"elementor-widget-container\">\n\t\t\t\t\t\t\t\t\t<ul><li data-start=\"212\" data-end=\"356\">Patientenidentifikation.<\/li><li data-start=\"212\" data-end=\"356\">Pr\u00fcfung ob Operationsstelle markiert und An\u00e4sthesie-Einwilligung vorhanden ist.<\/li><li data-start=\"212\" data-end=\"356\">Pr\u00fcfung des Equipments und der relevanten Warnhinweise.<\/li><li data-start=\"212\" data-end=\"356\">Pr\u00fcfung der Antibiotikaprophylaxe und Bereitstellung Erythrozytenkonzentrat.<\/li><li data-start=\"212\" data-end=\"356\">Pr\u00fcfung Atemwege bzw. Aspirationsrisiko.<\/li><\/ul>\t\t\t\t\t\t\t\t<\/div>\n\t\t\t\t<\/div>\n\t\t\t\t<\/div>\n\t\t\t\t<\/div>\n\t\t<div class=\"elementor-element elementor-element-41d007e e-con-full e-flex e-con e-child\" data-id=\"41d007e\" data-element_type=\"container\" data-e-type=\"container\">\n\t\t<div class=\"elementor-element elementor-element-b721a2a e-con-full e-flex e-con e-child\" data-id=\"b721a2a\" data-element_type=\"container\" data-e-type=\"container\">\n\t\t\t\t<div class=\"elementor-element elementor-element-a6670b4 elementor-widget__width-initial elementor-widget elementor-widget-heading\" data-id=\"a6670b4\" data-element_type=\"widget\" data-e-type=\"widget\" data-widget_type=\"heading.default\">\n\t\t\t\t<div class=\"elementor-widget-container\">\n\t\t\t\t\t<h3 class=\"elementor-heading-title elementor-size-default\">Team time-out<br><br><br><\/h3>\t\t\t\t<\/div>\n\t\t\t\t<\/div>\n\t\t\t\t<div class=\"elementor-element elementor-element-82085c5 elementor-widget-divider--view-line_icon elementor-view-default elementor-widget-divider--element-align-center elementor-widget elementor-widget-divider\" data-id=\"82085c5\" data-element_type=\"widget\" data-e-type=\"widget\" data-widget_type=\"divider.default\">\n\t\t\t\t<div class=\"elementor-widget-container\">\n\t\t\t\t\t\t\t<div class=\"elementor-divider\">\n\t\t\t<span class=\"elementor-divider-separator\">\n\t\t\t\t\t\t\t<div class=\"elementor-icon elementor-divider__element\">\n\t\t\t\t\t<svg aria-hidden=\"true\" class=\"e-font-icon-svg e-fas-circle\" viewBox=\"0 0 512 512\" xmlns=\"http:\/\/www.w3.org\/2000\/svg\"><path d=\"M256 8C119 8 8 119 8 256s111 248 248 248 248-111 248-248S393 8 256 8z\"><\/path><\/svg><\/div>\n\t\t\t\t\t\t<\/span>\n\t\t<\/div>\n\t\t\t\t\t\t<\/div>\n\t\t\t\t<\/div>\n\t\t\t\t<div class=\"elementor-element elementor-element-17a08c9 elementor-widget__width-initial elementor-widget elementor-widget-text-editor\" data-id=\"17a08c9\" data-element_type=\"widget\" data-e-type=\"widget\" data-widget_type=\"text-editor.default\">\n\t\t\t\t<div class=\"elementor-widget-container\">\n\t\t\t\t\t\t\t\t\t<ul><li data-start=\"212\" data-end=\"356\">Patientenidentifikation.<\/li><li data-start=\"212\" data-end=\"356\">Information \u00fcber Art der Operation.<\/li><li data-start=\"212\" data-end=\"356\">Pr\u00fcfung Operationsstelle, Lagerung, Warnhinweise, AB-Prophylaxe.<\/li><li data-start=\"212\" data-end=\"356\">Besonderheiten und Equipment.<\/li><li data-start=\"212\" data-end=\"356\">Notwendigkeit bildgebender Verfahren.<\/li><\/ul>\t\t\t\t\t\t\t\t<\/div>\n\t\t\t\t<\/div>\n\t\t\t\t<\/div>\n\t\t\t\t<\/div>\n\t\t<div class=\"elementor-element elementor-element-77efc0e e-con-full e-flex e-con e-child\" data-id=\"77efc0e\" data-element_type=\"container\" data-e-type=\"container\">\n\t\t<div class=\"elementor-element elementor-element-2f6b149 e-con-full e-flex e-con e-child\" data-id=\"2f6b149\" data-element_type=\"container\" data-e-type=\"container\">\n\t\t\t\t<div class=\"elementor-element elementor-element-96f35bd elementor-widget__width-initial elementor-widget elementor-widget-heading\" data-id=\"96f35bd\" data-element_type=\"widget\" data-e-type=\"widget\" data-widget_type=\"heading.default\">\n\t\t\t\t<div class=\"elementor-widget-container\">\n\t\t\t\t\t<h3 class=\"elementor-heading-title elementor-size-default\">Sign-out <br><br><br><\/h3>\t\t\t\t<\/div>\n\t\t\t\t<\/div>\n\t\t\t\t<div class=\"elementor-element elementor-element-7b45911 elementor-widget-divider--view-line_icon elementor-widget-divider--element-align-right elementor-view-default elementor-widget elementor-widget-divider\" data-id=\"7b45911\" data-element_type=\"widget\" data-e-type=\"widget\" data-widget_type=\"divider.default\">\n\t\t\t\t<div class=\"elementor-widget-container\">\n\t\t\t\t\t\t\t<div class=\"elementor-divider\">\n\t\t\t<span class=\"elementor-divider-separator\">\n\t\t\t\t\t\t\t<div class=\"elementor-icon elementor-divider__element\">\n\t\t\t\t\t<svg aria-hidden=\"true\" class=\"e-font-icon-svg e-fas-circle\" viewBox=\"0 0 512 512\" xmlns=\"http:\/\/www.w3.org\/2000\/svg\"><path d=\"M256 8C119 8 8 119 8 256s111 248 248 248 248-111 248-248S393 8 256 8z\"><\/path><\/svg><\/div>\n\t\t\t\t\t\t<\/span>\n\t\t<\/div>\n\t\t\t\t\t\t<\/div>\n\t\t\t\t<\/div>\n\t\t\t\t<div class=\"elementor-element elementor-element-c24e372 elementor-widget__width-initial elementor-widget elementor-widget-text-editor\" data-id=\"c24e372\" data-element_type=\"widget\" data-e-type=\"widget\" data-widget_type=\"text-editor.default\">\n\t\t\t\t<div class=\"elementor-widget-container\">\n\t\t\t\t\t\t\t\t\t<ul>\n<li data-start=\"212\" data-end=\"356\">Pr\u00fcfung auf Vollst\u00e4ndigkeit der OP-Textilien\/Tamponaden, Instrumente<\/li>\n<li data-start=\"212\" data-end=\"356\">Beschriftung der Proben<\/li>\n<li data-start=\"212\" data-end=\"356\">Postoperative Anordnungen durch Operateurin bzw. An\u00e4sthesie<\/li>\n<\/ul>\t\t\t\t\t\t\t\t<\/div>\n\t\t\t\t<\/div>\n\t\t\t\t<\/div>\n\t\t\t\t<\/div>\n\t\t\t\t\t<\/div>\n\t\t\t\t<\/div>\n\t\t<div class=\"elementor-element elementor-element-55bcd45 e-flex e-con-boxed e-con e-parent\" data-id=\"55bcd45\" data-element_type=\"container\" data-e-type=\"container\" data-settings=\"{&quot;background_background&quot;:&quot;classic&quot;}\">\n\t\t\t\t\t<div class=\"e-con-inner\">\n\t\t<div class=\"elementor-element elementor-element-93c612f e-con-full e-flex e-con e-child\" data-id=\"93c612f\" data-element_type=\"container\" data-e-type=\"container\" data-settings=\"{&quot;background_background&quot;:&quot;classic&quot;}\">\n\t\t\t\t<div class=\"elementor-element elementor-element-15380ba elementor-widget elementor-widget-heading\" data-id=\"15380ba\" data-element_type=\"widget\" data-e-type=\"widget\" data-widget_type=\"heading.default\">\n\t\t\t\t<div class=\"elementor-widget-container\">\n\t\t\t\t\t<p class=\"elementor-heading-title elementor-size-default\">Get in touch with us <\/p>\t\t\t\t<\/div>\n\t\t\t\t<\/div>\n\t\t\t\t<div class=\"elementor-element elementor-element-9659462 elementor-align-justify elementor-mobile-align-justify idl-btn elementor-widget elementor-widget-button\" data-id=\"9659462\" data-element_type=\"widget\" data-e-type=\"widget\" data-widget_type=\"button.default\">\n\t\t\t\t<div class=\"elementor-widget-container\">\n\t\t\t\t\t\t\t\t\t<div class=\"elementor-button-wrapper\">\n\t\t\t\t\t<a class=\"elementor-button elementor-button-link elementor-size-sm\" href=\"mailto:%20op-check@joanneum.at\" target=\"_blank\">\n\t\t\t\t\t\t<span class=\"elementor-button-content-wrapper\">\n\t\t\t\t\t\t<span class=\"elementor-button-icon\">\n\t\t\t\t<svg xmlns=\"http:\/\/www.w3.org\/2000\/svg\" id=\"8dfb8d4426ac3b4\" width=\"auto\" height=\"auto\" viewBox=\"0 0 176.5032 316.7049\"><defs><style>.cls-1{stroke-width:0px;}<\/style><\/defs><polygon class=\"cls-1\" points=\"19.3894 316.7054 2.4773 299.7933 142.6794 159.5912 -.0003 16.9125 16.9118 .0003 176.5036 159.5912 19.3894 316.7054\"><\/polygon><\/svg>\t\t\t<\/span>\n\t\t\t\t\t\t\t\t\t<span class=\"elementor-button-text\">Contact us<\/span>\n\t\t\t\t\t<\/span>\n\t\t\t\t\t<\/a>\n\t\t\t\t<\/div>\n\t\t\t\t\t\t\t\t<\/div>\n\t\t\t\t<\/div>\n\t\t\t\t<\/div>\n\t\t\t\t\t<\/div>\n\t\t\t\t<\/div>\n\t\t\t\t<\/div>\n\t\t","protected":false},"excerpt":{"rendered":"<p>Prozess-Schritte Pr\u00e4operative Ma\u00dfnahmen durch die Pflege Patientenidentifikation, Pr\u00fcfung von Warnhinweisen, Pr\u00fcfung der Nahrungs- bzw. Fl\u00fcssigkeitsanordnung, Pr\u00fcfung der Antibiotikaprophylaxe, etc. Check der vorbereitenden Arbeiten: Entfernung von Zahnersatz, Piercings, Schmuck, Haarteilen, H\u00f6r- und Sehhilfen. Check von Lagerungsbehelfen, ggf. Desinfektion. Aufkl\u00e4rung \u00fcber Sturzrisiko. Verabreichung der Pr\u00e4medikation. Sign-in durch die Pflege in der OP-Schleuse Patientenidentifikation. Pr\u00fcfung ob Operationsstelle markiert [&hellip;]<\/p>\n","protected":false},"author":14,"featured_media":0,"parent":0,"menu_order":0,"comment_status":"closed","ping_status":"closed","template":"","meta":{"_acf_changed":false,"footnotes":""},"class_list":["post-20288","page","type-page","status-publish","hentry"],"acf":[],"_links":{"self":[{"href":"https:\/\/www.joanneum.at\/op-check\/wp-json\/wp\/v2\/pages\/20288","targetHints":{"allow":["GET"]}}],"collection":[{"href":"https:\/\/www.joanneum.at\/op-check\/wp-json\/wp\/v2\/pages"}],"about":[{"href":"https:\/\/www.joanneum.at\/op-check\/wp-json\/wp\/v2\/types\/page"}],"author":[{"embeddable":true,"href":"https:\/\/www.joanneum.at\/op-check\/wp-json\/wp\/v2\/users\/14"}],"replies":[{"embeddable":true,"href":"https:\/\/www.joanneum.at\/op-check\/wp-json\/wp\/v2\/comments?post=20288"}],"version-history":[{"count":7,"href":"https:\/\/www.joanneum.at\/op-check\/wp-json\/wp\/v2\/pages\/20288\/revisions"}],"predecessor-version":[{"id":20853,"href":"https:\/\/www.joanneum.at\/op-check\/wp-json\/wp\/v2\/pages\/20288\/revisions\/20853"}],"wp:attachment":[{"href":"https:\/\/www.joanneum.at\/op-check\/wp-json\/wp\/v2\/media?parent=20288"}],"curies":[{"name":"wp","href":"https:\/\/api.w.org\/{rel}","templated":true}]}}